{"id":9314,"date":"2025-12-29T14:24:34","date_gmt":"2025-12-29T13:24:34","guid":{"rendered":"https:\/\/bk.uksw.edu.pl\/?page_id=9314"},"modified":"2026-03-27T14:10:31","modified_gmt":"2026-03-27T13:10:31","slug":"absolwent","status":"publish","type":"page","link":"https:\/\/bk.uksw.edu.pl\/absolwent\/","title":{"rendered":"Absolwent"},"content":{"rendered":"\n<p><strong>PROGRAM KARTA ABSOLWENTA UKSW&nbsp;<\/strong><\/p>\n\n\n\n<p><strong>KARTA ABSOLWENTA<\/strong> to specjalny program rabatowy dla ka\u017cdego Absolwenta UKSW.&nbsp;<br>Staj\u0105c si\u0119 posiadaczem karty b\u0119dziesz m\u00f3g\u0142 korzysta\u0107 ze zni\u017cek na r\u00f3\u017cnorodne produkty i us\u0142ugi.&nbsp;&nbsp;<\/p>\n\n\n\n<p>Wkr\u00f3tce przys\u0142uguj\u0105ce Ci, w ramach Karty Absolwenta, rabaty.<\/p>\n\n\n\n<p><strong>ZAM\u00d3W KART\u0118<\/strong><br><a href=\"https:\/\/tiny.pl\/y9zzt8jn\">https:\/\/tiny.pl\/y9zzt8jn<\/a> <\/p>\n\n\n\n<p><strong>Regulamin Programu Karta Absolwenta UKSW<\/strong><br><a href=\"https:\/\/tiny.pl\/6yggxzg7\">https:\/\/tiny.pl\/6yggxzg7<\/a> <\/p>\n\n\n\n<p><\/p>\n\n\n\n<p><strong>Kontakt<\/strong><br><a href=\"absolwenci@uksw.edu.pl\">absolwenci@uksw.edu.pl<\/a><\/p>\n\n\n","protected":false},"excerpt":{"rendered":"<p>PROGRAM KARTA ABSOLWENTA UKSW&nbsp; KARTA ABSOLWENTA to specjalny program rabatowy dla ka\u017cdego Absolwenta UKSW.&nbsp;Staj\u0105c si\u0119 posiadaczem karty b\u0119dziesz m\u00f3g\u0142 korzysta\u0107 ze zni\u017cek na r\u00f3\u017cnorodne produkty i us\u0142ugi.&nbsp;&nbsp; Wkr\u00f3tce przys\u0142uguj\u0105ce Ci, w ramach Karty Absolwenta, rabaty. ZAM\u00d3W KART\u0118https:\/\/tiny.pl\/y9zzt8jn Regulamin Programu Karta Absolwenta UKSWhttps:\/\/tiny.pl\/6yggxzg7 Kontaktabsolwenci@uksw.edu.pl<\/p>\n","protected":false},"author":593,"featured_media":0,"parent":0,"menu_order":0,"comment_status":"closed","ping_status":"closed","template":"page-templates\/template-sub-page.php","meta":{"_acf_changed":false,"inline_featured_image":false,"footnotes":"","_links_to":"","_links_to_target":""},"class_list":["post-9314","page","type-page","status-publish","hentry"],"acf":[],"_links":{"self":[{"href":"https:\/\/bk.uksw.edu.pl\/pl\/wp-json\/wp\/v2\/pages\/9314","targetHints":{"allow":["GET"]}}],"collection":[{"href":"https:\/\/bk.uksw.edu.pl\/pl\/wp-json\/wp\/v2\/pages"}],"about":[{"href":"https:\/\/bk.uksw.edu.pl\/pl\/wp-json\/wp\/v2\/types\/page"}],"author":[{"embeddable":true,"href":"https:\/\/bk.uksw.edu.pl\/pl\/wp-json\/wp\/v2\/users\/593"}],"replies":[{"embeddable":true,"href":"https:\/\/bk.uksw.edu.pl\/pl\/wp-json\/wp\/v2\/comments?post=9314"}],"version-history":[{"count":12,"href":"https:\/\/bk.uksw.edu.pl\/pl\/wp-json\/wp\/v2\/pages\/9314\/revisions"}],"predecessor-version":[{"id":11599,"href":"https:\/\/bk.uksw.edu.pl\/pl\/wp-json\/wp\/v2\/pages\/9314\/revisions\/11599"}],"wp:attachment":[{"href":"https:\/\/bk.uksw.edu.pl\/pl\/wp-json\/wp\/v2\/media?parent=9314"}],"curies":[{"name":"wp","href":"https:\/\/api.w.org\/{rel}","templated":true}]}}