{"id":8826,"date":"2024-01-19T12:39:07","date_gmt":"2024-01-19T11:39:07","guid":{"rendered":"https:\/\/bk.uksw.edu.pl\/?page_id=8826"},"modified":"2026-01-13T09:14:28","modified_gmt":"2026-01-13T08:14:28","slug":"wydarzenia","status":"publish","type":"page","link":"https:\/\/bk.uksw.edu.pl\/wydarzenia\/","title":{"rendered":"Inne wydarzenia"},"content":{"rendered":"   <div class=\"\">\n\n\n<div class=\"news_page\">\n                <div class=\"container\"> \n                        <div class=\"row\">\n                                <div class=\"col-xl-10 col-lg-10 col-md-9 col-sm-12\">\n                                        <div class=\"heading_bg\">\n                                        <div class=\"headingh2\">wydarzenia<\/div>\n                                        <\/div>\n                                <\/div>\n                                <div class=\"col-xl-2 col-lg-2 col-md-3 col-sm-12\">\n                                                                    <\/div>\n                        <\/div>\n\n                        <div class=\"row\">\n                                                 \n\n                                    \n\n                       <div class=\"col-xxl-4 col-xl-6 col-lg-6 col-md-12 col-sm-12 project\">\n                          <a href=\"https:\/\/bk.uksw.edu.pl\/?post_type=post&#038;p=11615\">\n                                <div class=\"image_container project_box\">\n                                    <img decoding=\"async\" src=\"https:\/\/bk.uksw.edu.pl\/wp-content\/uploads\/sites\/17\/2026\/04\/Zrzut-ekranu-2026-04-01-114226-507x388.png\" class=\"image_inner\" alt=\"\">\n                                        <div class=\"overlay\">\n                                            <div class=\"text\">\n                                                <div class=\"text1\">Program praktyk &#8222;Klimat do rozwoju&#8221;<\/div>\n                                                <div class=\"text2\">Ministerstwo Klimatu i \u015arodowiska uruchomi\u0142o program p\u0142atnych praktyk \u201eKlimat&#8230;<\/div>\n                                            <\/div>\n                                        <\/div>\n                                <\/div>\n                                <\/a>\n                          <\/div>\n\n                                       \n\n                                        \n\n                       <div class=\"col-xxl-4 col-xl-6 col-lg-6 col-md-12 col-sm-12 project\">\n                          <a href=\"https:\/\/bk.uksw.edu.pl\/?post_type=post&#038;p=11544\">\n                                <div class=\"image_container project_box\">\n                                    <img decoding=\"async\" src=\"https:\/\/bk.uksw.edu.pl\/wp-content\/uploads\/sites\/17\/2026\/03\/sggw-507x388.jpg\" class=\"image_inner\" alt=\"\">\n                                        <div class=\"overlay\">\n                                            <div class=\"text\">\n                                                <div class=\"text1\">Targi pracy SGGW<\/div>\n                                                <div class=\"text2\">W dniu 11 marca 2026r. w godzinach 9:00-15:00 na terenie obiekt\u00f3w sportowych&#8230;<\/div>\n                                            <\/div>\n                                        <\/div>\n                                <\/div>\n                                <\/a>\n                          <\/div>\n\n                                       \n\n                                        \n\n                       <div class=\"col-xxl-4 col-xl-6 col-lg-6 col-md-12 col-sm-12 project\">\n                          <a href=\"https:\/\/bk.uksw.edu.pl\/?post_type=post&#038;p=11529\">\n                                <div class=\"image_container project_box\">\n                                    <img decoding=\"async\" src=\"https:\/\/bk.uksw.edu.pl\/wp-content\/uploads\/sites\/17\/2026\/03\/Zrzut-ekranu-2026-03-09-090225-507x388.png\" class=\"image_inner\" alt=\"\">\n                                        <div class=\"overlay\">\n                                            <div class=\"text\">\n                                                <div class=\"text1\">Akademickie Mistrzostwa Mened\u017cerskie<\/div>\n                                                <div class=\"text2\">Akademickie Mistrzostwa Mened\u017cerskie to og\u00f3lnopolski, darmowy konkurs biznesowy,&#8230;<\/div>\n                                            <\/div>\n                                        <\/div>\n                                <\/div>\n                                <\/a>\n                          <\/div>\n\n                                       \n\n                                        \n\n                       <div class=\"col-xxl-4 col-xl-6 col-lg-6 col-md-12 col-sm-12 project\">\n                          <a href=\"https:\/\/bk.uksw.edu.pl\/?post_type=post&#038;p=11444\">\n                                <div class=\"image_container project_box\">\n                                    <img decoding=\"async\" src=\"https:\/\/bk.uksw.edu.pl\/wp-content\/uploads\/sites\/17\/2026\/02\/jobocon-507x388.jpg\" class=\"image_inner\" alt=\"\">\n                                        <div class=\"overlay\">\n                                            <div class=\"text\">\n                                                <div class=\"text1\">Targi pracy od Pracuj.pl<\/div>\n                                                <div class=\"text2\">Festiwal Pracuj.pl to bezp\u0142atne wydarzenie stworzone z my\u015bl\u0105 o studentach, absolwentach&#8230;<\/div>\n                                            <\/div>\n                                        <\/div>\n                                <\/div>\n                                <\/a>\n                          <\/div>\n\n                                       \n\n                                        \n\n                       <div class=\"col-xxl-4 col-xl-6 col-lg-6 col-md-12 col-sm-12 project\">\n                          <a href=\"https:\/\/bk.uksw.edu.pl\/?post_type=post&#038;p=11447\">\n                                <div class=\"image_container project_box\">\n                                    <img decoding=\"async\" src=\"https:\/\/bk.uksw.edu.pl\/wp-content\/uploads\/sites\/17\/2026\/02\/EY-507x388.jpg\" class=\"image_inner\" alt=\"\">\n                                        <div class=\"overlay\">\n                                            <div class=\"text\">\n                                                <div class=\"text1\">Audit OdyssEY Bootcamp<\/div>\n                                                <div class=\"text2\">Audit OdyssEY Bootcamp to program rozwojowy dla student\u00f3w i\u00a0absolwent\u00f3w zainteresowanych\u00a0finansami,&#8230;<\/div>\n                                            <\/div>\n                                        <\/div>\n                                <\/div>\n                                <\/a>\n                          <\/div>\n\n                                       \n\n                                        \n\n                       <div class=\"col-xxl-4 col-xl-6 col-lg-6 col-md-12 col-sm-12 project\">\n                          <a href=\"https:\/\/bk.uksw.edu.pl\/?post_type=post&#038;p=11438\">\n                                <div class=\"image_container project_box\">\n                                    <img decoding=\"async\" src=\"https:\/\/bk.uksw.edu.pl\/wp-content\/uploads\/sites\/17\/2026\/02\/Zrzut-ekranu-2026-02-16-090844-507x388.png\" class=\"image_inner\" alt=\"\">\n                                        <div class=\"overlay\">\n                                            <div class=\"text\">\n                                                <div class=\"text1\">Stypendia Polsko-Ameryka\u0144skiej Komisji Fulbrighta na&#8230;<\/div>\n                                                <div class=\"text2\">Rozpocz\u0105\u0142 si\u0119 nab\u00f3r wniosk\u00f3w do program\u00f3w stypendialnych Polsko-Ameryka\u0144skiej&#8230;<\/div>\n                                            <\/div>\n                                        <\/div>\n                                <\/div>\n                                <\/a>\n                          <\/div>\n\n                                       \n\n                                        \n\n                       <div class=\"col-xxl-4 col-xl-6 col-lg-6 col-md-12 col-sm-12 project\">\n                          <a href=\"https:\/\/bk.uksw.edu.pl\/?post_type=post&#038;p=11433\">\n                                <div class=\"image_container project_box\">\n                                    <img decoding=\"async\" src=\"https:\/\/bk.uksw.edu.pl\/wp-content\/uploads\/sites\/17\/2026\/02\/624452185_1431147822130832_9136361786943271589_n-507x388.jpg\" class=\"image_inner\" alt=\"\">\n                                        <div class=\"overlay\">\n                                            <div class=\"text\">\n                                                <div class=\"text1\">Konkurs EPSO AD5<\/div>\n                                                <div class=\"text2\">Europejski Urz\u0105d Doboru Kadr (EPSO) organizuje konkurs otwarty do m\u0142odych absolwent\u00f3w&#8230;<\/div>\n                                            <\/div>\n                                        <\/div>\n                                <\/div>\n                                <\/a>\n                          <\/div>\n\n                                       \n\n                                        \n\n                       <div class=\"col-xxl-4 col-xl-6 col-lg-6 col-md-12 col-sm-12 project\">\n                          <a href=\"https:\/\/bk.uksw.edu.pl\/?post_type=post&#038;p=11405\">\n                                <div class=\"image_container project_box\">\n                                    <img decoding=\"async\" src=\"https:\/\/bk.uksw.edu.pl\/wp-content\/uploads\/sites\/17\/2026\/02\/1000x300_glowki_logo_2-wersja_20260126-pop-507x388.png\" class=\"image_inner\" alt=\"\">\n                                        <div class=\"overlay\">\n                                            <div class=\"text\">\n                                                <div class=\"text1\">Nauka ma g\u0142os! projekt o spo\u0142ecznym zaufaniu do&#8230;<\/div>\n                                                <div class=\"text2\">Ju\u017c po\u00a0raz drugi Centrum Nauki Kopernik szuka os\u00f3b zajmuj\u0105cych si\u0119 nauk\u0105, kt\u00f3re&#8230;<\/div>\n                                            <\/div>\n                                        <\/div>\n                                <\/div>\n                                <\/a>\n                          <\/div>\n\n                                       \n\n                                        \n\n                       <div class=\"col-xxl-4 col-xl-6 col-lg-6 col-md-12 col-sm-12 project\">\n                          <a href=\"https:\/\/bk.uksw.edu.pl\/?post_type=post&#038;p=11373\">\n                                <div class=\"image_container project_box\">\n                                    <img decoding=\"async\" src=\"https:\/\/bk.uksw.edu.pl\/wp-content\/uploads\/sites\/17\/2026\/01\/world-bank-507x388.jpg\" class=\"image_inner\" alt=\"\">\n                                        <div class=\"overlay\">\n                                            <div class=\"text\">\n                                                <div class=\"text1\">Program sta\u017cowy WBG Pioneers<\/div>\n                                                <div class=\"text2\">Studenci i absolwenci zainteresowani mo\u017cliwo\u015bci\u0105 zdobycia praktycznego do\u015bwiadczenia&#8230;<\/div>\n                                            <\/div>\n                                        <\/div>\n                                <\/div>\n                                <\/a>\n                          <\/div>\n\n                                       \n\n                                        \n                                        <div class=\"col-xl-12\">\n                                                                                  <div class=\"pages\"><nav aria-label=\"Nawigacja stron\">\r\n\t\t\t\r\n\t\t\t<ul class=\"pagination \"><li class=\"page-item\"><a class=\"page-link\" href=\"#\" aria-label=\"Poprzednia strona \">\r\n       <span aria-hidden=\"true\"><img decoding=\"async\" src=\"https:\/\/bk.uksw.edu.pl\/wp-content\/themes\/uksw\/images\/grey_page_arrow.svg\" alt=\"\"> <\/span><\/a><\/li><li class=\"page-item\"><span aria-current=\"page\" class=\"page-link  current\">1<\/span><\/li><li class=\"page-item\"><a class=\"page-link\" aria-label=\"2. strona \" href=\"https:\/\/bk.uksw.edu.pl\/pl\/wp-json\/wp\/v2\/pages\/8826\/page\/2\/\">2<\/a><\/li><li class=\"page-item\"><span class=\"page-link dots\">&hellip;<\/span><\/li><li class=\"page-item\"><a class=\"page-link\" aria-label=\"9. strona \" href=\"https:\/\/bk.uksw.edu.pl\/pl\/wp-json\/wp\/v2\/pages\/8826\/page\/9\/\">9<\/a><\/li><li class=\"page-item\"><a class=\"page-link next but_next\" aria-label=\"Nast\u0119pna strona \" href=\"https:\/\/bk.uksw.edu.pl\/pl\/wp-json\/wp\/v2\/pages\/8826\/page\/2\/\"><img decoding=\"async\" src=\"https:\/\/bk.uksw.edu.pl\/wp-content\/themes\/uksw\/images\/blue_page_arrow.svg\" alt=\"Nast\u0119pna\"><\/a><\/li><\/ul>\r\n\r\n\t\t<\/nav><\/div>                                          <\/div>\n                            \n                        <\/div>\n\n\n                <\/div>\n        <\/div>\n\n\n<\/div>\n","protected":false},"excerpt":{"rendered":"","protected":false},"author":3,"featured_media":0,"parent":0,"menu_order":0,"comment_status":"closed","ping_status":"closed","template":"page-templates\/template-events-page.php","meta":{"_acf_changed":false,"inline_featured_image":false,"footnotes":"","_links_to":"","_links_to_target":""},"class_list":["post-8826","page","type-page","status-publish","hentry"],"acf":[],"_links":{"self":[{"href":"https:\/\/bk.uksw.edu.pl\/pl\/wp-json\/wp\/v2\/pages\/8826","targetHints":{"allow":["GET"]}}],"collection":[{"href":"https:\/\/bk.uksw.edu.pl\/pl\/wp-json\/wp\/v2\/pages"}],"about":[{"href":"https:\/\/bk.uksw.edu.pl\/pl\/wp-json\/wp\/v2\/types\/page"}],"author":[{"embeddable":true,"href":"https:\/\/bk.uksw.edu.pl\/pl\/wp-json\/wp\/v2\/users\/3"}],"replies":[{"embeddable":true,"href":"https:\/\/bk.uksw.edu.pl\/pl\/wp-json\/wp\/v2\/comments?post=8826"}],"version-history":[{"count":7,"href":"https:\/\/bk.uksw.edu.pl\/pl\/wp-json\/wp\/v2\/pages\/8826\/revisions"}],"predecessor-version":[{"id":10872,"href":"https:\/\/bk.uksw.edu.pl\/pl\/wp-json\/wp\/v2\/pages\/8826\/revisions\/10872"}],"wp:attachment":[{"href":"https:\/\/bk.uksw.edu.pl\/pl\/wp-json\/wp\/v2\/media?parent=8826"}],"curies":[{"name":"wp","href":"https:\/\/api.w.org\/{rel}","templated":true}]}}