{"id":3829,"date":"2022-10-31T10:46:50","date_gmt":"2022-10-31T09:46:50","guid":{"rendered":"https:\/\/jednostki.uksw.edu.pl\/bk\/abk-serwis\/rejestracja-dla-absolwentow\/"},"modified":"2026-04-07T14:34:47","modified_gmt":"2026-04-07T12:34:47","slug":"rejestracja-dla-absolwentow","status":"publish","type":"page","link":"https:\/\/bk.uksw.edu.pl\/serwis-abk\/rejestracja-dla-absolwentow\/","title":{"rendered":"Rejestracja dla absolwent\u00f3w"},"content":{"rendered":"\n<p>Aby korzysta\u0107 z serwisu biurokarier.edu.pl jako&nbsp;absolwent,&nbsp;prosimy:<\/p>\n\n\n\n<ol class=\"wp-block-list\">\n<li>Wype\u0142ni\u0107&nbsp;<a href=\"https:\/\/bk.uksw.edu.pl\/wp-content\/uploads\/sites\/17\/2022\/11\/Formularz-rejestracyjny-dla-absolwentow_2021.pdf\" data-type=\"URL\" data-id=\"https:\/\/bk.uksw.edu.pl\/wp-content\/uploads\/sites\/17\/2022\/11\/Formularz-rejestracyjny-dla-absolwentow_2021.pdf\"><strong>formularz rejestracyjny [PDF].<\/strong><\/a><\/li>\n\n\n\n<li>Wype\u0142niony i czytelnie podpisany formularz z\u0142o\u017cy\u0107 osobi\u015bcie lub przes\u0142a\u0107 na adres: Biuro Karier UKSW, ul. W\u00f3ycickiego 1\/3, 01-938 Warszawa.<\/li>\n\n\n\n<li>Odebra\u0107 e-mail aktywacyjny wys\u0142any na podany w formularzu adres e-mail (w zale\u017cno\u015bci od sposobu z\u0142o\u017cenia formularza rejestracyjnego dostarczenie e-maila aktywacyjnego mo\u017ce potrwa\u0107 do kilku dni).<\/li>\n\n\n\n<li>Zalogowa\u0107 si\u0119 do serwisu&nbsp;<strong><a href=\"https:\/\/www.biurokarier.edu.pl\/\">biurokarier.edu.pl<\/a><\/strong>, a nast\u0119pnie ustali\u0107 nowe has\u0142o dost\u0119pu.<\/li>\n\n\n\n<li>Uzupe\u0142ni\u0107 sw\u00f3j profil zawodowy, \u017ceby zwi\u0119kszy\u0107 szans\u0119 na znalezienie pracy.<\/li>\n<\/ol>\n\n\n\n<p>W przypadku problem\u00f3w zwi\u0105zanych z rejestracj\u0105 lub u\u017cytkowaniem serwisu skontaktuj si\u0119 z nami poprzez adres e-mail:\u00a0<a href=\"mailto:biurokarier@uksw.edu.pl\">biurokarier@uksw.edu.pl<\/a>\u00a0lub telefonicznie <strong>(22) <a href=\"http:\/\/22 569 68 45\">380 96 98<\/a><\/strong><\/p>\n","protected":false},"excerpt":{"rendered":"<p>Aby korzysta\u0107 z serwisu biurokarier.edu.pl jako&nbsp;absolwent,&nbsp;prosimy: W przypadku problem\u00f3w zwi\u0105zanych z rejestracj\u0105 lub u\u017cytkowaniem serwisu skontaktuj si\u0119 z nami poprzez adres e-mail:\u00a0biurokarier@uksw.edu.pl\u00a0lub telefonicznie (22) 380 96 98<\/p>\n","protected":false},"author":1,"featured_media":5023,"parent":3712,"menu_order":21,"comment_status":"closed","ping_status":"closed","template":"page-templates\/template-sub-page.php","meta":{"_acf_changed":false,"inline_featured_image":false,"footnotes":"","_links_to":"","_links_to_target":""},"class_list":["post-3829","page","type-page","status-publish","has-post-thumbnail","hentry"],"acf":[],"_links":{"self":[{"href":"https:\/\/bk.uksw.edu.pl\/pl\/wp-json\/wp\/v2\/pages\/3829","targetHints":{"allow":["GET"]}}],"collection":[{"href":"https:\/\/bk.uksw.edu.pl\/pl\/wp-json\/wp\/v2\/pages"}],"about":[{"href":"https:\/\/bk.uksw.edu.pl\/pl\/wp-json\/wp\/v2\/types\/page"}],"author":[{"embeddable":true,"href":"https:\/\/bk.uksw.edu.pl\/pl\/wp-json\/wp\/v2\/users\/1"}],"replies":[{"embeddable":true,"href":"https:\/\/bk.uksw.edu.pl\/pl\/wp-json\/wp\/v2\/comments?post=3829"}],"version-history":[{"count":6,"href":"https:\/\/bk.uksw.edu.pl\/pl\/wp-json\/wp\/v2\/pages\/3829\/revisions"}],"predecessor-version":[{"id":11629,"href":"https:\/\/bk.uksw.edu.pl\/pl\/wp-json\/wp\/v2\/pages\/3829\/revisions\/11629"}],"up":[{"embeddable":true,"href":"https:\/\/bk.uksw.edu.pl\/pl\/wp-json\/wp\/v2\/pages\/3712"}],"wp:featuredmedia":[{"embeddable":true,"href":"https:\/\/bk.uksw.edu.pl\/pl\/wp-json\/wp\/v2\/media\/5023"}],"wp:attachment":[{"href":"https:\/\/bk.uksw.edu.pl\/pl\/wp-json\/wp\/v2\/media?parent=3829"}],"curies":[{"name":"wp","href":"https:\/\/api.w.org\/{rel}","templated":true}]}}