{"id":3828,"date":"2022-10-31T10:46:49","date_gmt":"2022-10-31T09:46:49","guid":{"rendered":"https:\/\/jednostki.uksw.edu.pl\/bk\/abk-serwis\/rejestracja-dla-studentow\/"},"modified":"2026-04-07T14:49:29","modified_gmt":"2026-04-07T12:49:29","slug":"rejestracja-dla-studentow","status":"publish","type":"page","link":"https:\/\/bk.uksw.edu.pl\/serwis-abk\/rejestracja-dla-studentow\/","title":{"rendered":"Rejestracja dla student\u00f3w"},"content":{"rendered":"\n<p>Aby korzysta\u0107 z serwisu biurokarier.edu.pl jako&nbsp;student,&nbsp;prosimy:<\/p>\n\n\n\n<ol class=\"wp-block-list\">\n<li>Wype\u0142ni\u0107&nbsp;<strong>formularz rejestracyjny<\/strong>&nbsp;zawieraj\u0105cy zgod\u0119 na przetwarzanie danych osobowych w zwi\u0105zku z przyst\u0105pieniem do serwisu biurokarier.edu.pl oraz prywatny adres e-mail, kt\u00f3ry b\u0119dzie s\u0142u\u017cy\u0142 do kontaktu z pracodawcami i BK UKSW.<\/li>\n\n\n\n<li>Odebra\u0107 e-mail aktywacyjny wys\u0142any na podany w formularzu adres e-mail (dostarczenie e-maila aktywacyjnego mo\u017ce potrwa\u0107 do kilku dni).<\/li>\n\n\n\n<li>Zalogowa\u0107 si\u0119 do serwisu&nbsp;<strong><a href=\"https:\/\/www.biurokarier.edu.pl\/\">biurokarier.edu.pl<\/a><\/strong>, a nast\u0119pnie ustali\u0107 nowe has\u0142o dost\u0119pu.<\/li>\n\n\n\n<li>Uzupe\u0142ni\u0107 sw\u00f3j profil zawodowy, \u017ceby zwi\u0119kszy\u0107 szans\u0119 na znalezienie pracy.<\/li>\n<\/ol>\n\n\n\n<p>W przypadku problem\u00f3w zwi\u0105zanych z rejestracj\u0105 lub u\u017cytkowaniem serwisu skontaktuj si\u0119 z nami pisz\u0105c na adres e-mail:\u00a0<a href=\"mailto:biurokarier@uksw.edu.pl\">biurokarier@uksw.edu.pl<\/a>\u00a0lub telefonicznie <strong>(<\/strong><strong>22) <\/strong><strong>380 96 98<\/strong><\/p>\n\n\n\n<p><\/p>\n\n\n\n<h2 class=\"wp-block-heading\">Formularz rejestracyjny<\/h2>\n\n\n\n<p>Pola oznaczone symbolem gwiazdki * wymagaj\u0105 uzupe\u0142nienia.<\/p>\n\n\n\r\n<div class=\"\">\r\n\r\n\r\n<div class=\"contact_grey\">\r\n\r\n\n<div class=\"wpcf7 no-js\" id=\"wpcf7-f6582-o1\" lang=\"pl-PL\" dir=\"ltr\" data-wpcf7-id=\"6582\">\n<div class=\"screen-reader-response\"><p role=\"status\" aria-live=\"polite\" aria-atomic=\"true\"><\/p> <ul><\/ul><\/div>\n<form action=\"\/pl\/wp-json\/wp\/v2\/pages\/3828#wpcf7-f6582-o1\" method=\"post\" class=\"wpcf7-form init\" aria-label=\"Formularz kontaktowy\" novalidate=\"novalidate\" data-status=\"init\">\n<div style=\"display: none;\">\n<input type=\"hidden\" name=\"_wpcf7\" value=\"6582\" \/>\n<input type=\"hidden\" name=\"_wpcf7_version\" value=\"6.0.6\" \/>\n<input type=\"hidden\" name=\"_wpcf7_locale\" value=\"pl_PL\" \/>\n<input type=\"hidden\" name=\"_wpcf7_unit_tag\" value=\"wpcf7-f6582-o1\" \/>\n<input type=\"hidden\" name=\"_wpcf7_container_post\" value=\"0\" \/>\n<input type=\"hidden\" name=\"_wpcf7_posted_data_hash\" value=\"\" \/>\n<\/div>\n<div class=\"row\">\n        <div class=\"col-xxl-6 col-xl-6 col-lg-6 col-md-12 col-sm-12\">\n            <div class=\"mb-4\">\n                <label for=\"student\" class=\"sr-only\">Wpisz swoje imi\u0119<\/label>\n                <span class=\"wpcf7-form-control-wrap\" data-name=\"student\"><input size=\"40\" maxlength=\"400\" class=\"wpcf7-form-control wpcf7-text wpcf7-validates-as-required form-control\" id=\"student\" aria-required=\"true\" aria-invalid=\"false\" placeholder=\"Imi\u0119 *\" value=\"\" type=\"text\" name=\"student\" \/><\/span>\n            <\/div>\n        <\/div>\n     <\/div>\n\n<div class=\"row\">\n        <div class=\"col-xxl-6 col-xl-6 col-lg-6 col-md-12 col-sm-12\">\n            <div class=\"mb-4\">\n                <label for=\"sec-name\" class=\"sr-only\">Wpisz swoje nazwisko<\/label>\n                <span class=\"wpcf7-form-control-wrap\" data-name=\"sec-name\"><input size=\"40\" maxlength=\"400\" class=\"wpcf7-form-control wpcf7-text wpcf7-validates-as-required form-control\" id=\"sec-name\" aria-required=\"true\" aria-invalid=\"false\" placeholder=\"Nazwisko *\" value=\"\" type=\"text\" name=\"sec-name\" \/><\/span>\n            <\/div>\n        <\/div>\n     <\/div>\n\n<div class=\"row\">\n        <div class=\"col-xxl-6 col-xl-6 col-lg-6 col-md-12 col-sm-12\">\n            <div class=\"mb-4\">\n                <label for=\"fos\" class=\"sr-only\">Wpisz sw\u00f3j kierunek studi\u00f3w<\/label>\n                <span class=\"wpcf7-form-control-wrap\" data-name=\"fos\"><input size=\"40\" maxlength=\"400\" class=\"wpcf7-form-control wpcf7-text wpcf7-validates-as-required form-control\" id=\"fos\" aria-required=\"true\" aria-invalid=\"false\" placeholder=\"Kierunek studi\u00f3w *\" value=\"\" type=\"text\" name=\"fos\" \/><\/span>\n            <\/div>\n        <\/div>\n     <\/div>\n\n<div class=\"row\">\n        <div class=\"col-xxl-6 col-xl-6 col-lg-6 col-md-12 col-sm-12\">\n            <div class=\"mb-4\">\n                <label for=\"pesel\" class=\"sr-only\">Wpisz sw\u00f3j numer PESEL<\/label>\n                <span class=\"wpcf7-form-control-wrap\" data-name=\"pesel\"><input class=\"wpcf7-form-control wpcf7-number wpcf7-validates-as-required wpcf7-validates-as-number form-control\" id=\"pesel\" aria-required=\"true\" aria-invalid=\"false\" placeholder=\"PESEL *\" value=\"\" type=\"number\" name=\"pesel\" \/><\/span>\n            <\/div>\n        <\/div>\n     <\/div>\n\n    <div class=\"row\">\n        <div class=\"col-xxl-6 col-xl-6 col-lg-6 col-md-12 col-sm-12\">\n            <div class=\"mb-4\">\n                <label for=\"phone\" class=\"sr-only\">Podaj kontakt telefoniczny<\/label>\n                <span class=\"wpcf7-form-control-wrap\" data-name=\"phone\"><input size=\"40\" maxlength=\"400\" class=\"wpcf7-form-control wpcf7-text wpcf7-validates-as-required form-control\" id=\"phone\" aria-required=\"true\" aria-invalid=\"false\" placeholder=\"Numer telefonu *\" value=\"\" type=\"text\" name=\"phone\" \/><\/span>  \n            <\/div>\n        <\/div>\n    <\/div>\n\n    <div class=\"row\">\n        <div class=\"col-xxl-6 col-xl-6 col-lg-6 col-md-12 col-sm-12\">\n            <div class=\"mb-4\">\n                <label for=\"email\">Prywatny e-mail *<\/label>\n                <span class=\"wpcf7-form-control-wrap\" data-name=\"your-email\"><input size=\"40\" maxlength=\"400\" class=\"wpcf7-form-control wpcf7-email wpcf7-validates-as-required wpcf7-text wpcf7-validates-as-email form-control\" id=\"email\" aria-required=\"true\" aria-invalid=\"false\" placeholder=\"Na ten adres zostanie wys\u0142any link aktywacyjny do serwisu.\" value=\"\" type=\"email\" name=\"your-email\" \/><\/span>    \n            <\/div>\n        <\/div>\n    <\/div>\n\n    <div class=\"mb-4\">\n        <div class=\"form-check\">\n        <label>O\u015bwiadczenie o wyra\u017ceniu zgody na przetwarzanie danych osobowych dla serwisu biurokarier.edu.pl: *<\/label>\n        <span class=\"wpcf7-form-control-wrap\" data-name=\"rodo-cb\"><span class=\"wpcf7-form-control wpcf7-checkbox wpcf7-validates-as-required\" id=\"rodo-cb\"><span class=\"wpcf7-list-item first last\"><label><input type=\"checkbox\" name=\"rodo-cb[]\" value=\"Wyra\u017cam zgod\u0119 na przekazanie moich danych z systemu USOS do serwisu biurokarier.edu.pl prowadzonego przez Biuro Karier UKSW w celu korzystania z zasob\u00f3w serwisu.\" \/><span class=\"wpcf7-list-item-label\">Wyra\u017cam zgod\u0119 na przekazanie moich danych z systemu USOS do serwisu biurokarier.edu.pl prowadzonego przez Biuro Karier UKSW w celu korzystania z zasob\u00f3w serwisu.<\/span><\/label><\/span><\/span><\/span>\n        <\/div>\n    <\/div>\n    \n    <div>\n        <button class=\"but_send\" title=\"Kliknij, aby przes\u0142a\u0107 formularz\" type=\"submit\">Wy\u015blij<\/button>\n    <\/div><div class=\"wpcf7-response-output\" aria-hidden=\"true\"><\/div>\n<\/form>\n<\/div>\n\r\n<\/div>\r\n\r\n\r\n<\/div>\n\n\n<p><\/p>\n","protected":false},"excerpt":{"rendered":"<p>Aby korzysta\u0107 z serwisu biurokarier.edu.pl jako&nbsp;student,&nbsp;prosimy: W przypadku problem\u00f3w zwi\u0105zanych z rejestracj\u0105 lub u\u017cytkowaniem serwisu skontaktuj si\u0119 z nami pisz\u0105c na adres e-mail:\u00a0biurokarier@uksw.edu.pl\u00a0lub telefonicznie (22) 380 96 98 Formularz rejestracyjny Pola oznaczone symbolem gwiazdki * wymagaj\u0105 uzupe\u0142nienia.<\/p>\n","protected":false},"author":1,"featured_media":5023,"parent":3712,"menu_order":20,"comment_status":"closed","ping_status":"closed","template":"page-templates\/template-sub-page.php","meta":{"_acf_changed":false,"inline_featured_image":false,"footnotes":"","_links_to":"","_links_to_target":""},"class_list":["post-3828","page","type-page","status-publish","has-post-thumbnail","hentry"],"acf":[],"_links":{"self":[{"href":"https:\/\/bk.uksw.edu.pl\/pl\/wp-json\/wp\/v2\/pages\/3828","targetHints":{"allow":["GET"]}}],"collection":[{"href":"https:\/\/bk.uksw.edu.pl\/pl\/wp-json\/wp\/v2\/pages"}],"about":[{"href":"https:\/\/bk.uksw.edu.pl\/pl\/wp-json\/wp\/v2\/types\/page"}],"author":[{"embeddable":true,"href":"https:\/\/bk.uksw.edu.pl\/pl\/wp-json\/wp\/v2\/users\/1"}],"replies":[{"embeddable":true,"href":"https:\/\/bk.uksw.edu.pl\/pl\/wp-json\/wp\/v2\/comments?post=3828"}],"version-history":[{"count":12,"href":"https:\/\/bk.uksw.edu.pl\/pl\/wp-json\/wp\/v2\/pages\/3828\/revisions"}],"predecessor-version":[{"id":11628,"href":"https:\/\/bk.uksw.edu.pl\/pl\/wp-json\/wp\/v2\/pages\/3828\/revisions\/11628"}],"up":[{"embeddable":true,"href":"https:\/\/bk.uksw.edu.pl\/pl\/wp-json\/wp\/v2\/pages\/3712"}],"wp:featuredmedia":[{"embeddable":true,"href":"https:\/\/bk.uksw.edu.pl\/pl\/wp-json\/wp\/v2\/media\/5023"}],"wp:attachment":[{"href":"https:\/\/bk.uksw.edu.pl\/pl\/wp-json\/wp\/v2\/media?parent=3828"}],"curies":[{"name":"wp","href":"https:\/\/api.w.org\/{rel}","templated":true}]}}