{"id":3827,"date":"2022-10-31T10:46:49","date_gmt":"2022-10-31T09:46:49","guid":{"rendered":"https:\/\/jednostki.uksw.edu.pl\/bk\/projekt-abk\/kontakt\/"},"modified":"2024-08-09T14:13:33","modified_gmt":"2024-08-09T12:13:33","slug":"kontakt","status":"publish","type":"page","link":"https:\/\/bk.uksw.edu.pl\/projekt-abk\/kontakt\/","title":{"rendered":"Kontakt"},"content":{"rendered":"\r\n<div class=\"\">\r\n\r\n<div class=\"row\">\r\n\r\n  \r\n\r\n\r\n     <div class=\"col-xl-12 col-lg-6 col-md-12 col-sm-12 project\">\r\n\t\t\t<div class=\"contact_box project_box\">\r\n\t\t\t<div class=\"headingh2\">Biuro projektu<\/div>\r\n\t\t\t<div class=\"headingh3\">\u201eWiem, potrafi\u0119, dzia\u0142am. Profesjonalizacja us\u0142ug Centrum Szkole\u0144 i Doradztwa Zawodowego UKSW\u201d<\/div><br>\r\n\r\n\r\n\t\t\t<p>ul. W\u00f3ycickiego 1\/3<br \/>\nbud.21 pok.320<br \/>\n01-938 Warszawa<br \/>\ntel.: <a href=\"tel:22 569 68 45\">22 569 68 45<\/a><br \/>\ne-mail:\u00a0<a href=\"mailto:konsultacje@uksw.edu.pl\">konsultacje@uksw.edu.pl<\/a><\/p>\n\t\t\t<\/div>\r\n    <\/div>\r\n\r\n\t\r\n\t \r\n\r\n\r\n<\/div>\r\n  \r\n<\/div>\r\n\n\n\n<figure class=\"wp-block-image size-full\"><img loading=\"lazy\" decoding=\"async\" width=\"498\" height=\"102\" src=\"https:\/\/bk.uksw.edu.pl\/wp-content\/uploads\/sites\/17\/2022\/11\/grafika-na-strone-logotyp.png\" alt=\"Logotypu Unijne\" class=\"wp-image-4845\" srcset=\"https:\/\/bk.uksw.edu.pl\/wp-content\/uploads\/sites\/17\/2022\/11\/grafika-na-strone-logotyp.png 498w, https:\/\/bk.uksw.edu.pl\/wp-content\/uploads\/sites\/17\/2022\/11\/grafika-na-strone-logotyp-300x61.png 300w\" sizes=\"auto, (max-width: 498px) 100vw, 498px\" \/><figcaption class=\"wp-element-caption\">Nr projektu: POWR.03.01.00-00-B056\/17<\/figcaption><\/figure>\n","protected":false},"excerpt":{"rendered":"","protected":false},"author":1,"featured_media":5019,"parent":3362,"menu_order":19,"comment_status":"closed","ping_status":"closed","template":"page-templates\/template-sub-page.php","meta":{"_acf_changed":false,"inline_featured_image":false,"footnotes":"","_links_to":"","_links_to_target":""},"class_list":["post-3827","page","type-page","status-publish","has-post-thumbnail","hentry"],"acf":[],"_links":{"self":[{"href":"https:\/\/bk.uksw.edu.pl\/pl\/wp-json\/wp\/v2\/pages\/3827","targetHints":{"allow":["GET"]}}],"collection":[{"href":"https:\/\/bk.uksw.edu.pl\/pl\/wp-json\/wp\/v2\/pages"}],"about":[{"href":"https:\/\/bk.uksw.edu.pl\/pl\/wp-json\/wp\/v2\/types\/page"}],"author":[{"embeddable":true,"href":"https:\/\/bk.uksw.edu.pl\/pl\/wp-json\/wp\/v2\/users\/1"}],"replies":[{"embeddable":true,"href":"https:\/\/bk.uksw.edu.pl\/pl\/wp-json\/wp\/v2\/comments?post=3827"}],"version-history":[{"count":21,"href":"https:\/\/bk.uksw.edu.pl\/pl\/wp-json\/wp\/v2\/pages\/3827\/revisions"}],"predecessor-version":[{"id":9425,"href":"https:\/\/bk.uksw.edu.pl\/pl\/wp-json\/wp\/v2\/pages\/3827\/revisions\/9425"}],"up":[{"embeddable":true,"href":"https:\/\/bk.uksw.edu.pl\/pl\/wp-json\/wp\/v2\/pages\/3362"}],"wp:featuredmedia":[{"embeddable":true,"href":"https:\/\/bk.uksw.edu.pl\/pl\/wp-json\/wp\/v2\/media\/5019"}],"wp:attachment":[{"href":"https:\/\/bk.uksw.edu.pl\/pl\/wp-json\/wp\/v2\/media?parent=3827"}],"curies":[{"name":"wp","href":"https:\/\/api.w.org\/{rel}","templated":true}]}}