{"id":3826,"date":"2022-10-31T10:46:48","date_gmt":"2022-10-31T09:46:48","guid":{"rendered":"https:\/\/jednostki.uksw.edu.pl\/bk\/projekt-abk\/targi-pracy\/"},"modified":"2022-11-13T18:35:54","modified_gmt":"2022-11-13T17:35:54","slug":"targi-pracy","status":"publish","type":"page","link":"https:\/\/bk.uksw.edu.pl\/projekt-abk\/targi-pracy\/","title":{"rendered":"Targi pracy"},"content":{"rendered":"\n<p>13 kwietnia 2021 r. Biuro Karier UKSW&nbsp; organizowa\u0142o wirtualne targi pracy. Zapraszamy na po\u015bwi\u0119con\u0105 temu wydarzeniu stron\u0119 dost\u0119pn\u0105 pod adresem&nbsp;<a href=\"https:\/\/dzienpracodawcy.uksw.edu.pl\/\" data-type=\"URL\" data-id=\"https:\/\/dzienpracodawcy.uksw.edu.pl\/\"><strong>dzienpracodawcy.uksw.edu.pl<\/strong><\/a>.<\/p>\n","protected":false},"excerpt":{"rendered":"<p>13 kwietnia 2021 r. Biuro Karier UKSW&nbsp; organizowa\u0142o wirtualne targi pracy. Zapraszamy na po\u015bwi\u0119con\u0105 temu wydarzeniu stron\u0119 dost\u0119pn\u0105 pod adresem&nbsp;dzienpracodawcy.uksw.edu.pl.<\/p>\n","protected":false},"author":1,"featured_media":5017,"parent":3362,"menu_order":18,"comment_status":"closed","ping_status":"closed","template":"page-templates\/template-sub-page.php","meta":{"_acf_changed":false,"inline_featured_image":false,"footnotes":"","_links_to":"","_links_to_target":""},"class_list":["post-3826","page","type-page","status-publish","has-post-thumbnail","hentry"],"acf":[],"_links":{"self":[{"href":"https:\/\/bk.uksw.edu.pl\/pl\/wp-json\/wp\/v2\/pages\/3826","targetHints":{"allow":["GET"]}}],"collection":[{"href":"https:\/\/bk.uksw.edu.pl\/pl\/wp-json\/wp\/v2\/pages"}],"about":[{"href":"https:\/\/bk.uksw.edu.pl\/pl\/wp-json\/wp\/v2\/types\/page"}],"author":[{"embeddable":true,"href":"https:\/\/bk.uksw.edu.pl\/pl\/wp-json\/wp\/v2\/users\/1"}],"replies":[{"embeddable":true,"href":"https:\/\/bk.uksw.edu.pl\/pl\/wp-json\/wp\/v2\/comments?post=3826"}],"version-history":[{"count":4,"href":"https:\/\/bk.uksw.edu.pl\/pl\/wp-json\/wp\/v2\/pages\/3826\/revisions"}],"predecessor-version":[{"id":5022,"href":"https:\/\/bk.uksw.edu.pl\/pl\/wp-json\/wp\/v2\/pages\/3826\/revisions\/5022"}],"up":[{"embeddable":true,"href":"https:\/\/bk.uksw.edu.pl\/pl\/wp-json\/wp\/v2\/pages\/3362"}],"wp:featuredmedia":[{"embeddable":true,"href":"https:\/\/bk.uksw.edu.pl\/pl\/wp-json\/wp\/v2\/media\/5017"}],"wp:attachment":[{"href":"https:\/\/bk.uksw.edu.pl\/pl\/wp-json\/wp\/v2\/media?parent=3826"}],"curies":[{"name":"wp","href":"https:\/\/api.w.org\/{rel}","templated":true}]}}