{"id":3825,"date":"2022-10-31T10:46:48","date_gmt":"2022-10-31T09:46:48","guid":{"rendered":"https:\/\/jednostki.uksw.edu.pl\/bk\/projekt-abk\/dokumenty-projektowe\/"},"modified":"2022-11-07T02:21:51","modified_gmt":"2022-11-07T01:21:51","slug":"dokumenty-projektowe","status":"publish","type":"page","link":"https:\/\/bk.uksw.edu.pl\/projekt-abk\/dokumenty-projektowe\/","title":{"rendered":"Dokumenty projektowe"},"content":{"rendered":"\n<figure class=\"wp-block-image size-full\"><img loading=\"lazy\" decoding=\"async\" width=\"498\" height=\"102\" src=\"https:\/\/bk.uksw.edu.pl\/wp-content\/uploads\/sites\/17\/2022\/11\/grafika-na-strone-logotyp.png\" alt=\"Logotypu Unijne\" class=\"wp-image-4845\" srcset=\"https:\/\/bk.uksw.edu.pl\/wp-content\/uploads\/sites\/17\/2022\/11\/grafika-na-strone-logotyp.png 498w, https:\/\/bk.uksw.edu.pl\/wp-content\/uploads\/sites\/17\/2022\/11\/grafika-na-strone-logotyp-300x61.png 300w\" sizes=\"auto, (max-width: 498px) 100vw, 498px\" \/><figcaption class=\"wp-element-caption\">Nr projektu: POWR.03.01.00-00-B056\/17<\/figcaption><\/figure>\n\n\n\r\n<div class=\"\">\r\n\r\n\r\n<div class=\"row\">\r\n\r\n  \r\n<div class=\"col-xl-12 col-lg-12 col-md-12 col-sm-12 \">\r\n\t\t<div class=\"download_detils\">\r\n\t\t\t<a href=\"https:\/\/bk.uksw.edu.pl\/wp-content\/uploads\/sites\/17\/2022\/11\/dokumenty-projektowe_wszystkie-zalaczniki.pdf\"  target=\"_blank\" >\r\n\t\t\t<img decoding=\"async\" src=\"https:\/\/bk.uksw.edu.pl\/wp-content\/themes\/uksw\/images\/import.svg\" alt=\"\"> Dokumenty aplikacyjne wymagane do udzia\u0142u w projekcie (do z\u0142o\u017cenia w Biurze\nKarier do 10.10.2022) [PDF,  0.86 MB]<\/a>\r\n\t\t<\/div>\r\n<\/div>\r\n\r\n\r\n\t\t\r\n<div class=\"col-xl-12 col-lg-12 col-md-12 col-sm-12 \">\r\n\t\t<div class=\"download_detils\">\r\n\t\t\t<a href=\"https:\/\/bk.uksw.edu.pl\/wp-content\/uploads\/sites\/17\/2022\/11\/Regulamin-rekrutacji-i-udzialu-w-projekcie_2022.pdf\"  target=\"_blank\" >\r\n\t\t\t<img decoding=\"async\" src=\"https:\/\/bk.uksw.edu.pl\/wp-content\/themes\/uksw\/images\/import.svg\" alt=\"\"> Regulamin rekrutacji i udzia\u0142u w projekcie [PDF,  0.22 MB]<\/a>\r\n\t\t<\/div>\r\n<\/div>\r\n\r\n\r\n\t\t\r\n\t\t \r\n\r\n<\/div>\r\n<\/div>\r\n<div class=\"space20\"><\/div>\r\n\r\n","protected":false},"excerpt":{"rendered":"","protected":false},"author":1,"featured_media":5014,"parent":3362,"menu_order":17,"comment_status":"closed","ping_status":"closed","template":"page-templates\/template-sub-page.php","meta":{"_acf_changed":false,"inline_featured_image":false,"footnotes":"","_links_to":"","_links_to_target":""},"class_list":["post-3825","page","type-page","status-publish","has-post-thumbnail","hentry"],"acf":[],"_links":{"self":[{"href":"https:\/\/bk.uksw.edu.pl\/pl\/wp-json\/wp\/v2\/pages\/3825","targetHints":{"allow":["GET"]}}],"collection":[{"href":"https:\/\/bk.uksw.edu.pl\/pl\/wp-json\/wp\/v2\/pages"}],"about":[{"href":"https:\/\/bk.uksw.edu.pl\/pl\/wp-json\/wp\/v2\/types\/page"}],"author":[{"embeddable":true,"href":"https:\/\/bk.uksw.edu.pl\/pl\/wp-json\/wp\/v2\/users\/1"}],"replies":[{"embeddable":true,"href":"https:\/\/bk.uksw.edu.pl\/pl\/wp-json\/wp\/v2\/comments?post=3825"}],"version-history":[{"count":5,"href":"https:\/\/bk.uksw.edu.pl\/pl\/wp-json\/wp\/v2\/pages\/3825\/revisions"}],"predecessor-version":[{"id":5016,"href":"https:\/\/bk.uksw.edu.pl\/pl\/wp-json\/wp\/v2\/pages\/3825\/revisions\/5016"}],"up":[{"embeddable":true,"href":"https:\/\/bk.uksw.edu.pl\/pl\/wp-json\/wp\/v2\/pages\/3362"}],"wp:featuredmedia":[{"embeddable":true,"href":"https:\/\/bk.uksw.edu.pl\/pl\/wp-json\/wp\/v2\/media\/5014"}],"wp:attachment":[{"href":"https:\/\/bk.uksw.edu.pl\/pl\/wp-json\/wp\/v2\/media?parent=3825"}],"curies":[{"name":"wp","href":"https:\/\/api.w.org\/{rel}","templated":true}]}}