{"id":3823,"date":"2022-10-31T10:46:47","date_gmt":"2022-10-31T09:46:47","guid":{"rendered":"https:\/\/jednostki.uksw.edu.pl\/bk\/projekt-abk\/o-projekcie\/"},"modified":"2022-11-07T02:20:46","modified_gmt":"2022-11-07T01:20:46","slug":"o-projekcie","status":"publish","type":"page","link":"https:\/\/bk.uksw.edu.pl\/projekt-abk\/o-projekcie\/","title":{"rendered":"O projekcie"},"content":{"rendered":"\n<figure class=\"wp-block-image size-full\"><img loading=\"lazy\" decoding=\"async\" width=\"498\" height=\"102\" src=\"https:\/\/bk.uksw.edu.pl\/wp-content\/uploads\/sites\/17\/2022\/11\/grafika-na-strone-logotyp.png\" alt=\"Logotypu Unijne\" class=\"wp-image-4845\" srcset=\"https:\/\/bk.uksw.edu.pl\/wp-content\/uploads\/sites\/17\/2022\/11\/grafika-na-strone-logotyp.png 498w, https:\/\/bk.uksw.edu.pl\/wp-content\/uploads\/sites\/17\/2022\/11\/grafika-na-strone-logotyp-300x61.png 300w\" sizes=\"auto, (max-width: 498px) 100vw, 498px\" \/><figcaption class=\"wp-element-caption\">Nr projektu: POWR.03.01.00-00-B056\/17<\/figcaption><\/figure>\n\n\n\n<p>Za\u0142o\u017ceniem projektu jest zwi\u0119kszenie szans 420 student\u00f3w i studentek UKSW na znalezienie zatrudnienia poprzez obj\u0119cie ich bezpo\u015brednim wsparciem w rozpocz\u0119ciu aktywno\u015bci zawodowej. Studentom oferowane jest:<\/p>\n\n\n\n<ul class=\"wp-block-list\">\n<li>indywidualne poradnictwo zawodowe, uwzgl\u0119dniaj\u0105ce ich wiedz\u0119 i kompetencje pozyskane w toku kszta\u0142cenia<\/li>\n\n\n\n<li>szkolenia dla os\u00f3b rozwa\u017caj\u0105cych za\u0142o\u017cenie dzia\u0142alno\u015bci gospodarczej<\/li>\n\n\n\n<li>szkolenia z obszaru kompetencji po\u017c\u0105danych na rynku pracy<\/li>\n\n\n\n<li>udzia\u0142 w wydarzeniach z udzia\u0142em pracodawc\u00f3w i instytucji rynku pracy<\/li>\n<\/ul>\n\n\n\n<p>Projekt&nbsp;\u201eWiem, potrafi\u0119, dzia\u0142am. Profesjonalizacja us\u0142ug Centrum Szkole\u0144 i Doradztwa Zawodowego UKSW\u201d&nbsp;&nbsp;skierowany jest do&nbsp;student\u00f3w:<\/p>\n\n\n\n<ul class=\"wp-block-list\">\n<li>ostatniego roku studi\u00f3w I stopnia<\/li>\n\n\n\n<li>ostatniego roku studi\u00f3w II stopnia<\/li>\n\n\n\n<li>ostatniego roku studi\u00f3w magisterskich<\/li>\n\n\n\n<li>studi\u00f3w stacjonarnych i niestacjonarnych wszystkich kierunk\u00f3w na UKSW.<\/li>\n<\/ul>\n","protected":false},"excerpt":{"rendered":"<p>Za\u0142o\u017ceniem projektu jest zwi\u0119kszenie szans 420 student\u00f3w i studentek UKSW na znalezienie zatrudnienia poprzez obj\u0119cie ich bezpo\u015brednim wsparciem w rozpocz\u0119ciu aktywno\u015bci zawodowej. Studentom oferowane jest: Projekt&nbsp;\u201eWiem, potrafi\u0119, dzia\u0142am. Profesjonalizacja us\u0142ug Centrum Szkole\u0144 i Doradztwa Zawodowego UKSW\u201d&nbsp;&nbsp;skierowany jest do&nbsp;student\u00f3w:<\/p>\n","protected":false},"author":1,"featured_media":5009,"parent":3362,"menu_order":15,"comment_status":"closed","ping_status":"closed","template":"page-templates\/template-sub-page.php","meta":{"_acf_changed":false,"inline_featured_image":false,"footnotes":"","_links_to":"","_links_to_target":""},"class_list":["post-3823","page","type-page","status-publish","has-post-thumbnail","hentry"],"acf":[],"_links":{"self":[{"href":"https:\/\/bk.uksw.edu.pl\/pl\/wp-json\/wp\/v2\/pages\/3823","targetHints":{"allow":["GET"]}}],"collection":[{"href":"https:\/\/bk.uksw.edu.pl\/pl\/wp-json\/wp\/v2\/pages"}],"about":[{"href":"https:\/\/bk.uksw.edu.pl\/pl\/wp-json\/wp\/v2\/types\/page"}],"author":[{"embeddable":true,"href":"https:\/\/bk.uksw.edu.pl\/pl\/wp-json\/wp\/v2\/users\/1"}],"replies":[{"embeddable":true,"href":"https:\/\/bk.uksw.edu.pl\/pl\/wp-json\/wp\/v2\/comments?post=3823"}],"version-history":[{"count":6,"href":"https:\/\/bk.uksw.edu.pl\/pl\/wp-json\/wp\/v2\/pages\/3823\/revisions"}],"predecessor-version":[{"id":5011,"href":"https:\/\/bk.uksw.edu.pl\/pl\/wp-json\/wp\/v2\/pages\/3823\/revisions\/5011"}],"up":[{"embeddable":true,"href":"https:\/\/bk.uksw.edu.pl\/pl\/wp-json\/wp\/v2\/pages\/3362"}],"wp:featuredmedia":[{"embeddable":true,"href":"https:\/\/bk.uksw.edu.pl\/pl\/wp-json\/wp\/v2\/media\/5009"}],"wp:attachment":[{"href":"https:\/\/bk.uksw.edu.pl\/pl\/wp-json\/wp\/v2\/media?parent=3823"}],"curies":[{"name":"wp","href":"https:\/\/api.w.org\/{rel}","templated":true}]}}