{"id":3822,"date":"2022-10-31T10:46:46","date_gmt":"2022-10-31T09:46:46","guid":{"rendered":"https:\/\/jednostki.uksw.edu.pl\/bk\/praktyki\/faq\/"},"modified":"2024-06-14T08:56:41","modified_gmt":"2024-06-14T06:56:41","slug":"faq","status":"publish","type":"page","link":"https:\/\/bk.uksw.edu.pl\/praktyki\/faq\/","title":{"rendered":"FAQ"},"content":{"rendered":"\n<p><strong>1. Kiedy musz\u0119 odby\u0107 praktyk\u0119?<\/strong><\/p>\n\n\n\n<p>Praktyki nale\u017cy zrealizowa\u0107 w terminie wskazanym w programie praktyki.<\/p>\n\n\n\n<p><strong>2. Co mam zrobi\u0107, aby odby\u0107 praktyk\u0119?<\/strong><\/p>\n\n\n\n<ul class=\"wp-block-list\">\n<li>znale\u017a\u0107 szko\u0142\u0119\/instytucj\u0119, kt\u00f3rej profil dzia\u0142ania b\u0105d\u017a departament b\u0119dzie zgodny z kierunkiem studi\u00f3w (mo\u017cesz szuka\u0107 na w\u0142asn\u0105 r\u0119k\u0119 b\u0105d\u017a skorzysta\u0107 z propozycji BK dost\u0119pnych&nbsp;<a href=\"https:\/\/bk.uksw.edu.pl\/praktyki\/\" data-type=\"page\" data-id=\"3714\">tutaj)<\/a><\/li>\n\n\n\n<li>ustali\u0107 wszelkie szczeg\u00f3\u0142y dotycz\u0105ce praktyki (mo\u017cliwo\u015b\u0107 realizacji programu praktyk, terminy odbycia praktyk, wymagan\u0105 z Uczelni dokumentacj\u0119)<\/li>\n\n\n\n<li>ubezpieczy\u0107 si\u0119 od nast\u0119pstw nieszcz\u0119\u015bliwych wypadk\u00f3w na okres trwania praktyki (<a href=\"https:\/\/www.facebook.com\/photo\/?fbid=1006376571492845&amp;set=a.385886386875203\">wi\u0119cej informacji<\/a>)<\/li>\n\n\n\n<li>wype\u0142ni\u0107 dokumenty kieruj\u0105ce na praktyk\u0119 i przedstawi\u0107 je pe\u0142nomocnikowi ds. praktyk&nbsp;<\/li>\n<\/ul>\n\n\n\n<p><strong>3<\/strong>.&nbsp;<strong>Czy obowi\u0105zuje mnie ubezpieczenie?<\/strong><\/p>\n\n\n\n<p>Tak, ka\u017cdego studenta obowi\u0105zuje ubezpieczenie od nast\u0119pstw nieszcz\u0119\u015bliwych wypadk\u00f3w &#8211; NNW. Jest to ubezpieczenie, kt\u00f3re mo\u017cna wykupi\u0107 w dowolnym biurze ubezpieczeniowym lub na uczelni (<a href=\"https:\/\/www.facebook.com\/photo\/?fbid=1006376571492845&amp;set=a.385886386875203\">wi\u0119cej informacji<\/a>) . Niekt\u00f3re instytucje wymagaj\u0105 dodatkowo ubezpieczenia od odpowiedzialno\u015bci cywilnej &#8211; OC.<\/p>\n\n\n\n<p><strong>4. Jakie dokumenty s\u0105 potrzebne na praktyki?<\/strong><\/p>\n\n\n\n<p>O tym jakie dokumenty&nbsp;kieruj\u0105ce&nbsp;s\u0105 potrzebne na praktyki (skierowanie, umowa) decyduje szko\u0142a\/ instytucja, w kt\u00f3rej praktyka ma si\u0119 odby\u0107.&nbsp;<\/p>\n\n\n\n<p><strong>5.&nbsp;<\/strong><strong>Ile mam czasu na rozliczenie praktyk?<\/strong><\/p>\n\n\n\n<p>Praktyki nale\u017cy rozliczy\u0107 na Uczelni niezw\u0142ocznie po ich zrealizowaniu.<\/p>\n\n\n\n<p><strong>6. Kto zalicza praktyk\u0119?<\/strong><\/p>\n\n\n\n<p>Praktyki s\u0105 zaliczane przez pe\u0142nomocnika dziekana ds.praktyk. W przypadku jego nieobecno\u015bci praktyki mo\u017ce zaliczy\u0107 dziekan b\u0105d\u017a kierownik kierunku.&nbsp;<\/p>\n\n\n\n<p><strong>7.&nbsp;<\/strong><strong>Jakie dokumenty s\u0105 potrzebne, aby zaliczy\u0107 praktyki?<\/strong><\/p>\n\n\n\n<p>Dokumenty niezb\u0119de do zaliczenia praktyki wymienione s\u0105 w regulaminie praktyk oraz programie praktyk kierunkowych.<\/p>\n\n\n\n<p><strong>8.&nbsp;<\/strong><strong>Kto zalicza praktyki w USOSwebie?<\/strong><\/p>\n\n\n\n<p>Zaliczeniem praktyk zajmuje si\u0119 pe\u0142nomocnik dziekana ds. praktyk.<\/p>\n\n\n\n<p><strong>9. Jaka liczba godzin praktyk jest wymagana do ich zaliczenia?<\/strong><\/p>\n\n\n\n<p>Informacje o liczbie wymaganych godzin znajdziesz&nbsp;<a href=\"https:\/\/bk.uksw.edu.pl\/praktyki\/program-praktyk\/\" data-type=\"page\" data-id=\"3818\">w&nbsp;programie praktyk<\/a>.<\/p>\n\n\n\n<p><strong>10. Co mam robi\u0107 na praktyce?<\/strong><\/p>\n\n\n\n<p>Podczas praktyk trzeba realizowa\u0107 program praktyk kierunkowych dost\u0119pny&nbsp;<a href=\"https:\/\/bk.uksw.edu.pl\/praktyki\/program-praktyk\/\" data-type=\"page\" data-id=\"3818\">tutaj<\/a><\/p>\n\n\n\n<p><strong>11. Je\u015bli odbywam praktyki w szkole\/przedszkolu, to mam liczy\u0107 godziny praktyk w godzinach lekcyjnych czy zegarowych?<\/strong><\/p>\n\n\n\n<p>Liczymy godziny odbytych praktyk, a nie jednostki zaj\u0119ciowe, w kt\u00f3rych uczestniczy\u0142e\u015b.<\/p>\n\n\n\n<p><strong>12. Czy Uczelnia p\u0142aci za praktyki?<\/strong><\/p>\n\n\n\n<p>Nie.<\/p>\n","protected":false},"excerpt":{"rendered":"<p>1. Kiedy musz\u0119 odby\u0107 praktyk\u0119? Praktyki nale\u017cy zrealizowa\u0107 w terminie wskazanym w programie praktyki. 2. Co mam zrobi\u0107, aby odby\u0107 praktyk\u0119? 3.&nbsp;Czy obowi\u0105zuje mnie ubezpieczenie? Tak, ka\u017cdego studenta obowi\u0105zuje ubezpieczenie od nast\u0119pstw nieszcz\u0119\u015bliwych wypadk\u00f3w &#8211; NNW. Jest to ubezpieczenie, kt\u00f3re mo\u017cna wykupi\u0107 w dowolnym biurze ubezpieczeniowym lub na uczelni (wi\u0119cej informacji) . Niekt\u00f3re instytucje wymagaj\u0105 [&hellip;]<\/p>\n","protected":false},"author":1,"featured_media":5004,"parent":3714,"menu_order":14,"comment_status":"closed","ping_status":"closed","template":"page-templates\/template-sub-page.php","meta":{"_acf_changed":false,"inline_featured_image":false,"footnotes":"","_links_to":"","_links_to_target":""},"class_list":["post-3822","page","type-page","status-publish","has-post-thumbnail","hentry"],"acf":[],"_links":{"self":[{"href":"https:\/\/bk.uksw.edu.pl\/pl\/wp-json\/wp\/v2\/pages\/3822","targetHints":{"allow":["GET"]}}],"collection":[{"href":"https:\/\/bk.uksw.edu.pl\/pl\/wp-json\/wp\/v2\/pages"}],"about":[{"href":"https:\/\/bk.uksw.edu.pl\/pl\/wp-json\/wp\/v2\/types\/page"}],"author":[{"embeddable":true,"href":"https:\/\/bk.uksw.edu.pl\/pl\/wp-json\/wp\/v2\/users\/1"}],"replies":[{"embeddable":true,"href":"https:\/\/bk.uksw.edu.pl\/pl\/wp-json\/wp\/v2\/comments?post=3822"}],"version-history":[{"count":9,"href":"https:\/\/bk.uksw.edu.pl\/pl\/wp-json\/wp\/v2\/pages\/3822\/revisions"}],"predecessor-version":[{"id":9296,"href":"https:\/\/bk.uksw.edu.pl\/pl\/wp-json\/wp\/v2\/pages\/3822\/revisions\/9296"}],"up":[{"embeddable":true,"href":"https:\/\/bk.uksw.edu.pl\/pl\/wp-json\/wp\/v2\/pages\/3714"}],"wp:featuredmedia":[{"embeddable":true,"href":"https:\/\/bk.uksw.edu.pl\/pl\/wp-json\/wp\/v2\/media\/5004"}],"wp:attachment":[{"href":"https:\/\/bk.uksw.edu.pl\/pl\/wp-json\/wp\/v2\/media?parent=3822"}],"curies":[{"name":"wp","href":"https:\/\/api.w.org\/{rel}","templated":true}]}}