{"id":3820,"date":"2022-10-31T10:46:45","date_gmt":"2022-10-31T09:46:45","guid":{"rendered":"https:\/\/jednostki.uksw.edu.pl\/bk\/praktyki\/dokumenty-praktykanta\/"},"modified":"2024-06-03T09:39:47","modified_gmt":"2024-06-03T07:39:47","slug":"dokumenty-praktykanta","status":"publish","type":"page","link":"https:\/\/bk.uksw.edu.pl\/praktyki\/dokumenty-praktykanta\/","title":{"rendered":"Dokumenty praktykanta"},"content":{"rendered":"\n<h2 class=\"wp-block-heading\">0 tym, jakie s\u0105 potrzebne dokumenty kieruj\u0105ce na praktyki (skierowanie czy umowa) decyduje instytucja przyjmuj\u0105ca na praktyki. <\/h2>\n\n\n\n<ul class=\"wp-block-list\">\n<li><a href=\"https:\/\/bk.uksw.edu.pl\/wp-content\/uploads\/sites\/17\/2022\/10\/Skierowanie_zal.-nr-1.pdf\">1.A. Skierowanie<\/a><\/li>\n\n\n\n<li><a href=\"https:\/\/bk.uksw.edu.pl\/wp-content\/uploads\/sites\/17\/2022\/10\/Zalacznik-nr-2-Formularz-IOD_2022.docx\">1.B.&nbsp;Skierowanie do S\u0105du Okr\u0119gowego w Warszawie<\/a><\/li>\n\n\n\n<li><a href=\"https:\/\/bk.uksw.edu.pl\/wp-content\/uploads\/sites\/17\/2022\/10\/Skierownie-do-odbcia-praktyk-studenckich.pdf\">1.C.&nbsp; Skierowane do S\u0105du Okr\u0119gowego Warszawa &#8211; Praga<\/a><\/li>\n\n\n\n<li><a href=\"https:\/\/bk.uksw.edu.pl\/wp-content\/uploads\/sites\/17\/2022\/10\/porozumienie-indywidualne_zal.-nr-3.pdf\">2. <\/a><a href=\"https:\/\/bk.uksw.edu.pl\/wp-content\/uploads\/sites\/17\/2024\/06\/porozumienie-indywidualne.pdf\">Porozumienie indywidualne<\/a><\/li>\n<\/ul>\n\n\n\n<h2 class=\"wp-block-heading\">Dokumenty rozliczaj\u0105ce<\/h2>\n\n\n\n<p><a href=\"https:\/\/bk.uksw.edu.pl\/wp-content\/uploads\/sites\/17\/2022\/10\/Sprawozdanie_zal-nr-5.pdf\">1. Sprawozdanie z przebiegu praktyki<\/a><\/p>\n\n\n\n<p><a href=\"https:\/\/bk.uksw.edu.pl\/wp-content\/uploads\/sites\/17\/2022\/10\/Ankieta-kwestionariusz-oceny-praktyki-przez-studentow.pdf\">2. Kwestionariusz oceny praktyki<\/a><\/p>\n\n\n\n<p>3. Karta praktykanta &#8211; wydawana przez pe\u0142nomocnika lub pobierana ze strony wydzia\u0142owej<\/p>\n\n\n\n<p>4. <a href=\"https:\/\/bk.uksw.edu.pl\/wp-content\/uploads\/sites\/17\/2023\/09\/zalacznik-nr-6.pdf\">Wniosek studenta o zaliczenie  czynno\u015bci zawodowych na poczet praktyk<\/a> <\/p>\n","protected":false},"excerpt":{"rendered":"<p>0 tym, jakie s\u0105 potrzebne dokumenty kieruj\u0105ce na praktyki (skierowanie czy umowa) decyduje instytucja przyjmuj\u0105ca na praktyki. Dokumenty rozliczaj\u0105ce 1. Sprawozdanie z przebiegu praktyki 2. Kwestionariusz oceny praktyki 3. Karta praktykanta &#8211; wydawana przez pe\u0142nomocnika lub pobierana ze strony wydzia\u0142owej 4. Wniosek studenta o zaliczenie czynno\u015bci zawodowych na poczet praktyk<\/p>\n","protected":false},"author":1,"featured_media":4999,"parent":3714,"menu_order":12,"comment_status":"closed","ping_status":"closed","template":"page-templates\/template-sub-page.php","meta":{"_acf_changed":false,"inline_featured_image":false,"footnotes":"","_links_to":"","_links_to_target":""},"class_list":["post-3820","page","type-page","status-publish","has-post-thumbnail","hentry"],"acf":[],"_links":{"self":[{"href":"https:\/\/bk.uksw.edu.pl\/pl\/wp-json\/wp\/v2\/pages\/3820","targetHints":{"allow":["GET"]}}],"collection":[{"href":"https:\/\/bk.uksw.edu.pl\/pl\/wp-json\/wp\/v2\/pages"}],"about":[{"href":"https:\/\/bk.uksw.edu.pl\/pl\/wp-json\/wp\/v2\/types\/page"}],"author":[{"embeddable":true,"href":"https:\/\/bk.uksw.edu.pl\/pl\/wp-json\/wp\/v2\/users\/1"}],"replies":[{"embeddable":true,"href":"https:\/\/bk.uksw.edu.pl\/pl\/wp-json\/wp\/v2\/comments?post=3820"}],"version-history":[{"count":22,"href":"https:\/\/bk.uksw.edu.pl\/pl\/wp-json\/wp\/v2\/pages\/3820\/revisions"}],"predecessor-version":[{"id":9221,"href":"https:\/\/bk.uksw.edu.pl\/pl\/wp-json\/wp\/v2\/pages\/3820\/revisions\/9221"}],"up":[{"embeddable":true,"href":"https:\/\/bk.uksw.edu.pl\/pl\/wp-json\/wp\/v2\/pages\/3714"}],"wp:featuredmedia":[{"embeddable":true,"href":"https:\/\/bk.uksw.edu.pl\/pl\/wp-json\/wp\/v2\/media\/4999"}],"wp:attachment":[{"href":"https:\/\/bk.uksw.edu.pl\/pl\/wp-json\/wp\/v2\/media?parent=3820"}],"curies":[{"name":"wp","href":"https:\/\/api.w.org\/{rel}","templated":true}]}}