{"id":3819,"date":"2022-10-31T10:46:44","date_gmt":"2022-10-31T09:46:44","guid":{"rendered":"https:\/\/jednostki.uksw.edu.pl\/bk\/praktyki\/pelnomocnicy-dziekana-ds-praktyk\/"},"modified":"2025-03-06T14:28:37","modified_gmt":"2025-03-06T13:28:37","slug":"pelnomocnicy-dziekana-ds-praktyk","status":"publish","type":"page","link":"https:\/\/bk.uksw.edu.pl\/praktyki\/pelnomocnicy-dziekana-ds-praktyk\/","title":{"rendered":"Pe\u0142nomocnicy dziekana ds. praktyk"},"content":{"rendered":"\n<p>Wszelkie kwestie dotycz\u0105ce praktyk nale\u017cy konsultowa\u0107 z pe\u0142nomocnikami dziekana ds. praktyk, do kt\u00f3rych kontakt znajduje si\u0119 poni\u017cej:<\/p>\n\n\n\n<p><strong><a href=\"https:\/\/wt.uksw.edu.pl\/studenci\/praktyki-studenckie\/\">Wydzia\u0142 Teologiczny<\/a><\/strong><\/p>\n\n\n\n<p><strong><a href=\"https:\/\/wpk.uksw.edu.pl\/studenci\/praktyki-studenckie\/\">Wydzia\u0142 Prawa Kanonicznego<\/a><\/strong><\/p>\n\n\n\n<p><strong><a href=\"https:\/\/wfch.uksw.edu.pl\/wydzial\/pelnomocnicy-dziekana\/\">Wydzia\u0142 Filozofii Chrze\u015bcija\u0144skiej<\/a><\/strong><\/p>\n\n\n\n<p><strong><a href=\"https:\/\/wse.uksw.edu.pl\/studenci\/praktyki-studenckie\/\">Wydzia\u0142 Spo\u0142eczno-Ekonomiczny<\/a><\/strong><\/p>\n\n\n\n<p><strong><a href=\"https:\/\/wnhs.uksw.edu.pl\/studenci\/praktyki-studenckie\/\">Wydzia\u0142 Nauk Historycznych<\/a><\/strong><\/p>\n\n\n\n<p><strong><a href=\"https:\/\/wpia.uksw.edu.pl\/studenci\/praktyki-studenckie\/\">Wydzia\u0142 Prawa i Administracji<\/a><\/strong><\/p>\n\n\n\n<p><strong><a href=\"https:\/\/wnh.uksw.edu.pl\/studenci\/praktyki-studenckie\/\">Wydzia\u0142 Nauk Humanistycznych<\/a><\/strong><\/p>\n\n\n\n<p><strong><a href=\"https:\/\/wmp.uksw.edu.pl\/studenci\/praktyki-studenckie\/\">Wydzia\u0142 Matematyczno-Przyrodniczy<\/a><\/strong><\/p>\n\n\n\n<p><strong><a href=\"https:\/\/wnp.uksw.edu.pl\/studenci\/praktyki-studenckie\/\">Wydzia\u0142 Nauk Pedagogicznych<\/a><\/strong><\/p>\n\n\n\n<p><strong><a href=\"https:\/\/wbns.uksw.edu.pl\/studenci\/praktyki-studenckie\/\">Wydzia\u0142 Biologii i Nauk o \u015arodowisku<\/a><\/strong><\/p>\n\n\n\n<p><strong><a href=\"https:\/\/wsr.uksw.edu.pl\/studenci\/praktyki-studenckie\/\">Wydzia\u0142 Studi\u00f3w nad Rodzin\u0105<\/a><\/strong><\/p>\n\n\n\n<p><strong><a href=\"https:\/\/wmcm.uksw.edu.pl\/wydzial\/komisje-i-rady-wydzialowe\/\">Wydzia\u0142 Medyczny<\/a><\/strong><\/p>\n","protected":false},"excerpt":{"rendered":"<p>Wszelkie kwestie dotycz\u0105ce praktyk nale\u017cy konsultowa\u0107 z pe\u0142nomocnikami dziekana ds. praktyk, do kt\u00f3rych kontakt znajduje si\u0119 poni\u017cej: Wydzia\u0142 Teologiczny Wydzia\u0142 Prawa Kanonicznego Wydzia\u0142 Filozofii Chrze\u015bcija\u0144skiej Wydzia\u0142 Spo\u0142eczno-Ekonomiczny Wydzia\u0142 Nauk Historycznych Wydzia\u0142 Prawa i Administracji Wydzia\u0142 Nauk Humanistycznych Wydzia\u0142 Matematyczno-Przyrodniczy Wydzia\u0142 Nauk Pedagogicznych Wydzia\u0142 Biologii i Nauk o \u015arodowisku Wydzia\u0142 Studi\u00f3w nad Rodzin\u0105 Wydzia\u0142 Medyczny<\/p>\n","protected":false},"author":1,"featured_media":7085,"parent":3714,"menu_order":11,"comment_status":"closed","ping_status":"closed","template":"page-templates\/template-sub-page.php","meta":{"_acf_changed":false,"inline_featured_image":false,"footnotes":"","_links_to":"","_links_to_target":""},"class_list":["post-3819","page","type-page","status-publish","has-post-thumbnail","hentry"],"acf":[],"_links":{"self":[{"href":"https:\/\/bk.uksw.edu.pl\/pl\/wp-json\/wp\/v2\/pages\/3819","targetHints":{"allow":["GET"]}}],"collection":[{"href":"https:\/\/bk.uksw.edu.pl\/pl\/wp-json\/wp\/v2\/pages"}],"about":[{"href":"https:\/\/bk.uksw.edu.pl\/pl\/wp-json\/wp\/v2\/types\/page"}],"author":[{"embeddable":true,"href":"https:\/\/bk.uksw.edu.pl\/pl\/wp-json\/wp\/v2\/users\/1"}],"replies":[{"embeddable":true,"href":"https:\/\/bk.uksw.edu.pl\/pl\/wp-json\/wp\/v2\/comments?post=3819"}],"version-history":[{"count":22,"href":"https:\/\/bk.uksw.edu.pl\/pl\/wp-json\/wp\/v2\/pages\/3819\/revisions"}],"predecessor-version":[{"id":10207,"href":"https:\/\/bk.uksw.edu.pl\/pl\/wp-json\/wp\/v2\/pages\/3819\/revisions\/10207"}],"up":[{"embeddable":true,"href":"https:\/\/bk.uksw.edu.pl\/pl\/wp-json\/wp\/v2\/pages\/3714"}],"wp:featuredmedia":[{"embeddable":true,"href":"https:\/\/bk.uksw.edu.pl\/pl\/wp-json\/wp\/v2\/media\/7085"}],"wp:attachment":[{"href":"https:\/\/bk.uksw.edu.pl\/pl\/wp-json\/wp\/v2\/media?parent=3819"}],"curies":[{"name":"wp","href":"https:\/\/api.w.org\/{rel}","templated":true}]}}