{"id":3818,"date":"2022-10-31T10:46:44","date_gmt":"2022-10-31T09:46:44","guid":{"rendered":"https:\/\/jednostki.uksw.edu.pl\/bk\/praktyki\/program-praktyk\/"},"modified":"2025-03-06T14:19:04","modified_gmt":"2025-03-06T13:19:04","slug":"program-praktyk","status":"publish","type":"page","link":"https:\/\/bk.uksw.edu.pl\/praktyki\/program-praktyk\/","title":{"rendered":"Program praktyk"},"content":{"rendered":"\n<p>Praktyka zawodowa jest nieod\u0142\u0105czn\u0105 cz\u0119\u015bci\u0105 programu kszta\u0142cenia i musi by\u0107 zgodna z ramowym programem praktyki dla danego kierunku.<\/p>\n\n\n\n<ul class=\"wp-block-list\"><\/ul>\n\n\n\n<p><strong><a href=\"https:\/\/wt.uksw.edu.pl\/studenci\/stacjonarne\/programy-studiow\/\">Wydzia\u0142 Teologiczny<\/a><\/strong><\/p>\n\n\n\n<p><strong><a href=\"https:\/\/wpk.uksw.edu.pl\/studenci\/programy-studiow\/\">Wydzia\u0142 Prawa Kanonicznego<\/a><\/strong><\/p>\n\n\n\n<p><strong><a href=\"https:\/\/wfch.uksw.edu.pl\/studenci\/programy-studiow\/\">Wydzia\u0142 Filozofii Chrze\u015bcija\u0144skiej<\/a><\/strong><\/p>\n\n\n\n<p><strong><a href=\"https:\/\/wse.uksw.edu.pl\/studenci\/praktyki-studenckie\/\">Wydzia\u0142 Spo\u0142eczno-Ekonomiczny<\/a><\/strong><\/p>\n\n\n\n<p><strong><a href=\"https:\/\/wnhs.uksw.edu.pl\/studenci\/programy-studiow\/\">Wydzia\u0142 Nauk Historycznych<\/a><\/strong><\/p>\n\n\n\n<p><strong>Wydzia\u0142 Prawa i Administracji<\/strong><\/p>\n\n\n\n<ul class=\"wp-block-list\">\n<li><a href=\"https:\/\/wpia.uksw.edu.pl\/studenci\/praktyki-studenckie\/administracja\/\">administracja<\/a><\/li>\n\n\n\n<li><a href=\"https:\/\/wpia.uksw.edu.pl\/studenci\/prawo-stacjonarne\/program-studiow\/\">prawo<\/a><\/li>\n\n\n\n<li><a href=\"https:\/\/wpia.uksw.edu.pl\/studenci\/czlowiek-w-cyberprzestrzeni\/program-studiow\/\">cz\u0142owiek w cyberprzestrzeni<\/a><\/li>\n\n\n\n<li><a href=\"https:\/\/wpia.uksw.edu.pl\/studenci\/stosunki-i-prawo-miedzynarodowe\/program-studiow\/\">stosunki\u00a0i\u00a0prawo\u00a0mi\u0119dzynarodowe<\/a>\u00a0<\/li>\n<\/ul>\n\n\n\n<p><strong><a href=\"https:\/\/wnh.uksw.edu.pl\/studenci\/praktyki-studenckie\/\">Wydzia\u0142 Nauk Humanistycznych<\/a><\/strong><\/p>\n\n\n\n<p><strong><a href=\"https:\/\/wmp.uksw.edu.pl\/studenci\/sprawy-studenckie\/programy-studiow\/\">Wydzia\u0142 Matematyczno-Przyrodniczy<\/a><\/strong><\/p>\n\n\n\n<p><strong><a href=\"https:\/\/wnp.uksw.edu.pl\/studenci\/praktyki-studenckie\/\">Wydzia\u0142 Nauk Pedagogicznych\u00a0<\/a><\/strong><\/p>\n\n\n\n<p><strong><a href=\"https:\/\/wbns.uksw.edu.pl\/studenci\/programy-studiow\/\">Wydzia\u0142 Biologii i Nauk o \u015arodowisku<\/a><\/strong><\/p>\n\n\n\n<p><strong><a href=\"https:\/\/wsr.uksw.edu.pl\/studenci\/programy-studiow\/\">Wydzia\u0142 Studi\u00f3w nad Rodzin\u0105<\/a><\/strong><\/p>\n\n\n\n<p><strong><a href=\"https:\/\/wmcm.uksw.edu.pl\/studenci\/praktyki-studenckie\/\">Wydzia\u0142 Medyczny<\/a><\/strong><\/p>\n","protected":false},"excerpt":{"rendered":"<p>Praktyka zawodowa jest nieod\u0142\u0105czn\u0105 cz\u0119\u015bci\u0105 programu kszta\u0142cenia i musi by\u0107 zgodna z ramowym programem praktyki dla danego kierunku. Wydzia\u0142 Teologiczny Wydzia\u0142 Prawa Kanonicznego Wydzia\u0142 Filozofii Chrze\u015bcija\u0144skiej Wydzia\u0142 Spo\u0142eczno-Ekonomiczny Wydzia\u0142 Nauk Historycznych Wydzia\u0142 Prawa i Administracji Wydzia\u0142 Nauk Humanistycznych Wydzia\u0142 Matematyczno-Przyrodniczy Wydzia\u0142 Nauk Pedagogicznych\u00a0 Wydzia\u0142 Biologii i Nauk o \u015arodowisku Wydzia\u0142 Studi\u00f3w nad Rodzin\u0105 Wydzia\u0142 Medyczny<\/p>\n","protected":false},"author":1,"featured_media":4996,"parent":3714,"menu_order":10,"comment_status":"closed","ping_status":"closed","template":"page-templates\/template-sub-page.php","meta":{"_acf_changed":false,"inline_featured_image":false,"footnotes":"","_links_to":"","_links_to_target":""},"class_list":["post-3818","page","type-page","status-publish","has-post-thumbnail","hentry"],"acf":[],"_links":{"self":[{"href":"https:\/\/bk.uksw.edu.pl\/pl\/wp-json\/wp\/v2\/pages\/3818","targetHints":{"allow":["GET"]}}],"collection":[{"href":"https:\/\/bk.uksw.edu.pl\/pl\/wp-json\/wp\/v2\/pages"}],"about":[{"href":"https:\/\/bk.uksw.edu.pl\/pl\/wp-json\/wp\/v2\/types\/page"}],"author":[{"embeddable":true,"href":"https:\/\/bk.uksw.edu.pl\/pl\/wp-json\/wp\/v2\/users\/1"}],"replies":[{"embeddable":true,"href":"https:\/\/bk.uksw.edu.pl\/pl\/wp-json\/wp\/v2\/comments?post=3818"}],"version-history":[{"count":18,"href":"https:\/\/bk.uksw.edu.pl\/pl\/wp-json\/wp\/v2\/pages\/3818\/revisions"}],"predecessor-version":[{"id":10203,"href":"https:\/\/bk.uksw.edu.pl\/pl\/wp-json\/wp\/v2\/pages\/3818\/revisions\/10203"}],"up":[{"embeddable":true,"href":"https:\/\/bk.uksw.edu.pl\/pl\/wp-json\/wp\/v2\/pages\/3714"}],"wp:featuredmedia":[{"embeddable":true,"href":"https:\/\/bk.uksw.edu.pl\/pl\/wp-json\/wp\/v2\/media\/4996"}],"wp:attachment":[{"href":"https:\/\/bk.uksw.edu.pl\/pl\/wp-json\/wp\/v2\/media?parent=3818"}],"curies":[{"name":"wp","href":"https:\/\/api.w.org\/{rel}","templated":true}]}}