{"id":3817,"date":"2022-10-31T10:46:43","date_gmt":"2022-10-31T09:46:43","guid":{"rendered":"https:\/\/jednostki.uksw.edu.pl\/bk\/praktyki\/regulamin\/"},"modified":"2023-09-20T13:57:24","modified_gmt":"2023-09-20T11:57:24","slug":"regulamin","status":"publish","type":"page","link":"https:\/\/bk.uksw.edu.pl\/praktyki\/regulamin\/","title":{"rendered":"Regulamin"},"content":{"rendered":"\n<h2 class=\"wp-block-heading\">PRAKTYKI STUDENCKIE<\/h2>\n\n\n\r\n<div class=\"\">\r\n\r\n\r\n<div class=\"row\">\r\n\r\n  \r\n<div class=\"col-xl-12 col-lg-12 col-md-12 col-sm-12 \">\r\n\t\t<div class=\"download_detils\">\r\n\t\t\t<a href=\"https:\/\/bk.uksw.edu.pl\/wp-content\/uploads\/sites\/17\/2023\/09\/regulamin-praktyk_20.09.2023.pdf\"  target=\"_blank\" >\r\n\t\t\t<img decoding=\"async\" src=\"https:\/\/bk.uksw.edu.pl\/wp-content\/themes\/uksw\/images\/import.svg\" alt=\"\"> Regulamin praktyk  &#8211; obowi\u0105zuje od 20 wrze\u015bnia 2023r. [PDF,  0.18 MB]<\/a>\r\n\t\t<\/div>\r\n<\/div>\r\n\r\n\r\n\t\t\r\n\t\t \r\n\r\n<\/div>\r\n<\/div>\r\n<div class=\"space20\"><\/div>\r\n\r\n\n\n\n<h2 class=\"wp-block-heading\">PRAKTYKI ABSOLWENCKIE<\/h2>\n\n\n\r\n<div class=\"\">\r\n\r\n\r\n<div class=\"row\">\r\n\r\n  \r\n<div class=\"col-xl-12 col-lg-12 col-md-12 col-sm-12 \">\r\n\t\t<div class=\"download_detils\">\r\n\t\t\t<a href=\"https:\/\/bk.uksw.edu.pl\/wp-content\/uploads\/sites\/17\/2022\/10\/regumanin-praktyk-w-jednostkach-adm-1.pdf\"  target=\"_blank\" >\r\n\t\t\t<img decoding=\"async\" src=\"https:\/\/bk.uksw.edu.pl\/wp-content\/themes\/uksw\/images\/import.svg\" alt=\"\"> Regulamin praktyk absolwenckich na UKSW [PDF,  0.49 MB]<\/a>\r\n\t\t<\/div>\r\n<\/div>\r\n\r\n\r\n\t\t\r\n<div class=\"col-xl-12 col-lg-12 col-md-12 col-sm-12 \">\r\n\t\t<div class=\"download_detils\">\r\n\t\t\t<a href=\"https:\/\/bk.uksw.edu.pl\/wp-content\/uploads\/sites\/17\/2022\/10\/umowa.pdf\"  target=\"_blank\" >\r\n\t\t\t<img decoding=\"async\" src=\"https:\/\/bk.uksw.edu.pl\/wp-content\/themes\/uksw\/images\/import.svg\" alt=\"\"> Umowa &#8211; za\u0142\u0105cznik do regulaminu [PDF,  0.40 MB]<\/a>\r\n\t\t<\/div>\r\n<\/div>\r\n\r\n\r\n\t\t\r\n<div class=\"col-xl-12 col-lg-12 col-md-12 col-sm-12 \">\r\n\t\t<div class=\"download_detils\">\r\n\t\t\t<a href=\"https:\/\/bk.uksw.edu.pl\/wp-content\/uploads\/sites\/17\/2022\/10\/zaswiadczenie.pdf\"  target=\"_blank\" >\r\n\t\t\t<img decoding=\"async\" src=\"https:\/\/bk.uksw.edu.pl\/wp-content\/themes\/uksw\/images\/import.svg\" alt=\"\"> Za\u015bwiadczenie &#8211; za\u0142\u0105cznik do regulaminu [PDF,  0.24 MB]<\/a>\r\n\t\t<\/div>\r\n<\/div>\r\n\r\n\r\n\t\t\r\n\t\t \r\n\r\n<\/div>\r\n<\/div>\r\n<div class=\"space20\"><\/div>\r\n\r\n","protected":false},"excerpt":{"rendered":"<p>PRAKTYKI STUDENCKIE PRAKTYKI ABSOLWENCKIE<\/p>\n","protected":false},"author":1,"featured_media":4994,"parent":3714,"menu_order":9,"comment_status":"closed","ping_status":"closed","template":"page-templates\/template-sub-page.php","meta":{"_acf_changed":false,"inline_featured_image":false,"footnotes":"","_links_to":"","_links_to_target":""},"class_list":["post-3817","page","type-page","status-publish","has-post-thumbnail","hentry"],"acf":[],"_links":{"self":[{"href":"https:\/\/bk.uksw.edu.pl\/pl\/wp-json\/wp\/v2\/pages\/3817","targetHints":{"allow":["GET"]}}],"collection":[{"href":"https:\/\/bk.uksw.edu.pl\/pl\/wp-json\/wp\/v2\/pages"}],"about":[{"href":"https:\/\/bk.uksw.edu.pl\/pl\/wp-json\/wp\/v2\/types\/page"}],"author":[{"embeddable":true,"href":"https:\/\/bk.uksw.edu.pl\/pl\/wp-json\/wp\/v2\/users\/1"}],"replies":[{"embeddable":true,"href":"https:\/\/bk.uksw.edu.pl\/pl\/wp-json\/wp\/v2\/comments?post=3817"}],"version-history":[{"count":11,"href":"https:\/\/bk.uksw.edu.pl\/pl\/wp-json\/wp\/v2\/pages\/3817\/revisions"}],"predecessor-version":[{"id":8457,"href":"https:\/\/bk.uksw.edu.pl\/pl\/wp-json\/wp\/v2\/pages\/3817\/revisions\/8457"}],"up":[{"embeddable":true,"href":"https:\/\/bk.uksw.edu.pl\/pl\/wp-json\/wp\/v2\/pages\/3714"}],"wp:featuredmedia":[{"embeddable":true,"href":"https:\/\/bk.uksw.edu.pl\/pl\/wp-json\/wp\/v2\/media\/4994"}],"wp:attachment":[{"href":"https:\/\/bk.uksw.edu.pl\/pl\/wp-json\/wp\/v2\/media?parent=3817"}],"curies":[{"name":"wp","href":"https:\/\/api.w.org\/{rel}","templated":true}]}}