{"id":3810,"date":"2022-10-31T10:46:40","date_gmt":"2022-10-31T09:46:40","guid":{"rendered":"https:\/\/jednostki.uksw.edu.pl\/bk\/o-nas\/"},"modified":"2023-10-03T07:52:37","modified_gmt":"2023-10-03T05:52:37","slug":"o-nas","status":"publish","type":"page","link":"https:\/\/bk.uksw.edu.pl\/o-nas\/","title":{"rendered":"O nas"},"content":{"rendered":"\n<p><strong>Biuro Karier na Uniwersytecie Kardyna\u0142a Stefana Wyszy\u0144skiego<\/strong>&nbsp;<strong>w Warszawie<\/strong>&nbsp;rozpocz\u0119\u0142o dzia\u0142alno\u015b\u0107 w listopadzie 2005 r. Oficjalnie zosta\u0142o powo\u0142ane przez rektora UKSW ks. prof. dr hab. Ryszarda Rumianka w grudniu 2005 roku (zarz\u0105dzenie nr 47\/2005 z dn. 20.12.2005). Pomys\u0142odawc\u0105 i tw\u00f3rc\u0105 strategii Biura Karier by\u0142 Artur Winiarski.<\/p>\n\n\n\n<p>Od 1 pa\u017adziernika 2019 r. Biuro przej\u0119\u0142o zadania jednostki og\u00f3lnouczelnianej&nbsp;<a href=\"https:\/\/szkolenia.uksw.edu.pl\/\">Centrum Szkole\u0144 i Doradztwa Zawodowego UKSW.<\/a><\/p>\n\n\n\n<p>Biuro jest cz\u0142onkiem Og\u00f3lnopolskiej Sieci Biur Karier i realizuje zgodnie z okre\u015blonymi standardami misj\u0119 sieci, s\u0142u\u017c\u0105c pomoc\u0105 studentom i absolwentom wy\u017cszych uczelni w skutecznym wej\u015bciu oraz efektywnym funkcjonowaniu na wsp\u00f3\u0142czesnym rynku pracy.<br><br>Posiada certyfikat Agencji Zatrudnienia i Poradnictwa Zawodowego nadane z up. Marsza\u0142ka Wojew\u00f3dztwa&nbsp; Dyrektora WUP w Warszawie Tadeusza Zaj\u0105ca (wpis do rejestru podmiot\u00f3w prowadz\u0105cych agencje zatrudnienia pod nr 2412\/1a i 2412\/4).<\/p>\n\n\n\n<p><strong>Misj\u0105 Biura Karier UKSW&nbsp;<\/strong>jest kszta\u0142towanie umiej\u0119tno\u015bci psycho-spo\u0142ecznych, aktywizowanie oraz przygotowanie wszystkich student\u00f3w i absolwent\u00f3w Uczelni do znalezienia zatrudnienia odpowiadaj\u0105cego ich kwalifikacjom i aspiracjom.<\/p>\n\n\n\n<h2 class=\"wp-block-heading\">G\u0142\u00f3wne zadania realizowane przez Biuro Karier UKSW:<\/h2>\n\n\n\n<ul class=\"wp-block-list\">\n<li>nawi\u0105zywanie kontaktu z instytucjami w celu pozyskania ofert praktyk,<\/li>\n<\/ul>\n\n\n\n<ul class=\"wp-block-list\">\n<li>zbieranie, klasyfikowanie i udost\u0119pnianie ofert pracy, sta\u017cy i praktyk zawodowych,<\/li>\n<\/ul>\n\n\n\n<ul class=\"wp-block-list\">\n<li>pomoc pracodawcom w pozyskiwaniu odpowiednich kandydat\u00f3w na wolne miejsca pracy i praktyki oraz sta\u017ce zawodowe,<\/li>\n\n\n\n<li>bie\u017c\u0105ca wsp\u00f3\u0142praca z partnerami rynku pracy,<\/li>\n\n\n\n<li>stwarzanie mo\u017cliwo\u015bci partnerom rynku pracy zaprezentowania si\u0119 studentom jako atrakcyjni pracodawcy,<\/li>\n\n\n\n<li>badanie los\u00f3w zawodowych absolwent\u00f3w,<\/li>\n\n\n\n<li>poradnictwo zawodowe i edukacyjne.<\/li>\n<\/ul>\n\n\n\n<h2 class=\"wp-block-heading\">Nasze dokonania<\/h2>\n\n\n\n<div class=\"wp-block-columns\">\n<div class=\"wp-block-column\">\n<figure class=\"wp-block-image size-large is-resized\"><img loading=\"lazy\" decoding=\"async\" src=\"https:\/\/bk.uksw.edu.pl\/wp-content\/uploads\/sites\/17\/2022\/10\/Aiesec-gala-partnerow_0-1024x768.jpg\" alt=\"Dyplom\" class=\"wp-image-3842\" width=\"512\" height=\"384\" srcset=\"https:\/\/bk.uksw.edu.pl\/wp-content\/uploads\/sites\/17\/2022\/10\/Aiesec-gala-partnerow_0-1024x768.jpg 1024w, https:\/\/bk.uksw.edu.pl\/wp-content\/uploads\/sites\/17\/2022\/10\/Aiesec-gala-partnerow_0-300x225.jpg 300w, https:\/\/bk.uksw.edu.pl\/wp-content\/uploads\/sites\/17\/2022\/10\/Aiesec-gala-partnerow_0-768x576.jpg 768w, https:\/\/bk.uksw.edu.pl\/wp-content\/uploads\/sites\/17\/2022\/10\/Aiesec-gala-partnerow_0.jpg 1200w\" sizes=\"auto, (max-width: 512px) 100vw, 512px\" \/><\/figure>\n<\/div>\n\n\n\n<div class=\"wp-block-column\">\n<p>Podzi\u0119kowanie za wsp\u00f3\u0142prac\u0119 z organizacj\u0105 studenck\u0105 AIESEC na rzecz rozwoju \u015brodowiska lokalnego oraz realizacji cel\u00f3w zr\u00f3wnowa\u017conego rozwoju ONZ.<\/p>\n<\/div>\n<\/div>\n\n\n\n<hr class=\"wp-block-separator has-alpha-channel-opacity\" \/>\n\n\n\n<div class=\"wp-block-columns\">\n<div class=\"wp-block-column\">\n<figure class=\"wp-block-image size-large is-resized\"><img loading=\"lazy\" decoding=\"async\" src=\"https:\/\/bk.uksw.edu.pl\/wp-content\/uploads\/sites\/17\/2022\/10\/universum-dyplom_0-718x1024.png\" alt=\"Dyplom\" class=\"wp-image-3844\" width=\"539\" height=\"768\" srcset=\"https:\/\/bk.uksw.edu.pl\/wp-content\/uploads\/sites\/17\/2022\/10\/universum-dyplom_0-718x1024.png 718w, https:\/\/bk.uksw.edu.pl\/wp-content\/uploads\/sites\/17\/2022\/10\/universum-dyplom_0-210x300.png 210w, https:\/\/bk.uksw.edu.pl\/wp-content\/uploads\/sites\/17\/2022\/10\/universum-dyplom_0.png 746w\" sizes=\"auto, (max-width: 539px) 100vw, 539px\" \/><\/figure>\n<\/div>\n\n\n\n<div class=\"wp-block-column\">\n<p>Podczas Gali Universum Awards 2015&nbsp;Biuro Karier otrzyma\u0142o trzeci\u0105 nagrod\u0119 za dzia\u0142ania promuj\u0105ce w\u015br\u00f3d student\u00f3w Uniwersytetu Kardyna\u0142a Stefana Wyszy\u0144skiego badanie Universum Student Survey. Badanie przeprowadzane rokrocznie przez Universum Global dotyczy preferencji i oczekiwa\u0144 student\u00f3w wobec przysz\u0142ych pracodawc\u00f3w. Wynikiem badania jest Ranking Idealnych Pracodawc\u00f3w publikowany na stronie Universum.<\/p>\n<\/div>\n<\/div>\n\n\n\n<hr class=\"wp-block-separator has-alpha-channel-opacity\" \/>\n\n\n\n<p>W latach 2008 &#8211; 2016 Biuro Karier UKSW bra\u0142o udzia\u0142 w organizacji&nbsp;<strong><a href=\"http:\/\/www.jobbing.stowarzyszenieabk.pl\/o-projekcie-jobbing.html\">Akademickich Targ\u00f3w Pracy JOBBING<\/a>&nbsp;&#8211;&nbsp;<\/strong>mi\u0119dzyuczelnianym wydarzeniu warszawskich biur karier pod egid\u0105 Stowarzyszenia na rzecz Akademickich&nbsp;Biur Karier<strong>.<\/strong><\/p>\n\n\n\n<hr class=\"wp-block-separator has-alpha-channel-opacity\" \/>\n\n\n\n<p>W okresie od 1 grudnia 2012 do 30 listopada 2014 Biuro Karier uczestniczy\u0142o w Projekcie Kwalifikacja Jako\u015bci w Uniwersytecie wsp\u00f3\u0142finansowanym ze&nbsp;\u015brodk\u00f3w Unii Europejskiej w ramach Europejskiego Funduszu Spo\u0142ecznego. W ramach zadania nr 8 projekt mia\u0142 na celu opracowanie wraz z pracodawcami procedur wsp\u00f3\u0142pracy w zakresie okre\u015blenia profilu absolwenta i \u015bcie\u017cek kszta\u0142cenia.<\/p>\n\n\n\n<hr class=\"wp-block-separator has-alpha-channel-opacity\" \/>\n\n\n\n<p>W okresie od 1 stycznia 2009 do 31 pa\u017adziernika 2011 Biuro Karier UKSW realizowa\u0142o projekt&nbsp;<strong>Aktywni na rynku pracy<\/strong>&nbsp;wsp\u00f3\u0142finansowany ze \u015brodk\u00f3w Europejskiego Funduszu Spo\u0142ecznego. W ramach projektu zorganizowano warsztaty i szkolenia, sta\u017ce i praktyki oraz punkt konsultacyjny dotycz\u0105cy zak\u0142adania w\u0142asnej dzia\u0142alno\u015bci gospodarczej. Uczestnicy projektu zdobyli wszechstronn\u0105 wiedz\u0119 z zakresu m.in. zarz\u0105dzania firm\u0105 i zasobami ludzkimi, zak\u0142adania dzia\u0142alno\u015bci gospodarczej, rozwijania w\u0142asnych zdolno\u015bci i umiej\u0119tno\u015bci (w tym interpersonalnych, kreatywnego rozwi\u0105zywania problem\u00f3w), udzia\u0142&nbsp;za\u015b&nbsp;w poszczeg\u00f3lnych \u0107wiczeniach warsztatowych i sta\u017cach pozwoli\u0142 im przeku\u0107 teori\u0119 w praktyk\u0119.<\/p>\n","protected":false},"excerpt":{"rendered":"<p>Biuro Karier na Uniwersytecie Kardyna\u0142a Stefana Wyszy\u0144skiego&nbsp;w Warszawie&nbsp;rozpocz\u0119\u0142o dzia\u0142alno\u015b\u0107 w listopadzie 2005 r. Oficjalnie zosta\u0142o powo\u0142ane przez rektora UKSW ks. prof. dr hab. Ryszarda Rumianka w grudniu 2005 roku (zarz\u0105dzenie nr 47\/2005 z dn. 20.12.2005). Pomys\u0142odawc\u0105 i tw\u00f3rc\u0105 strategii Biura Karier by\u0142 Artur Winiarski. Od 1 pa\u017adziernika 2019 r. Biuro przej\u0119\u0142o zadania jednostki og\u00f3lnouczelnianej&nbsp;Centrum Szkole\u0144 [&hellip;]<\/p>\n","protected":false},"author":1,"featured_media":4983,"parent":0,"menu_order":2,"comment_status":"closed","ping_status":"closed","template":"page-templates\/template-sub-page.php","meta":{"_acf_changed":false,"inline_featured_image":false,"footnotes":"","_links_to":"","_links_to_target":""},"class_list":["post-3810","page","type-page","status-publish","has-post-thumbnail","hentry"],"acf":[],"_links":{"self":[{"href":"https:\/\/bk.uksw.edu.pl\/pl\/wp-json\/wp\/v2\/pages\/3810","targetHints":{"allow":["GET"]}}],"collection":[{"href":"https:\/\/bk.uksw.edu.pl\/pl\/wp-json\/wp\/v2\/pages"}],"about":[{"href":"https:\/\/bk.uksw.edu.pl\/pl\/wp-json\/wp\/v2\/types\/page"}],"author":[{"embeddable":true,"href":"https:\/\/bk.uksw.edu.pl\/pl\/wp-json\/wp\/v2\/users\/1"}],"replies":[{"embeddable":true,"href":"https:\/\/bk.uksw.edu.pl\/pl\/wp-json\/wp\/v2\/comments?post=3810"}],"version-history":[{"count":27,"href":"https:\/\/bk.uksw.edu.pl\/pl\/wp-json\/wp\/v2\/pages\/3810\/revisions"}],"predecessor-version":[{"id":8485,"href":"https:\/\/bk.uksw.edu.pl\/pl\/wp-json\/wp\/v2\/pages\/3810\/revisions\/8485"}],"wp:featuredmedia":[{"embeddable":true,"href":"https:\/\/bk.uksw.edu.pl\/pl\/wp-json\/wp\/v2\/media\/4983"}],"wp:attachment":[{"href":"https:\/\/bk.uksw.edu.pl\/pl\/wp-json\/wp\/v2\/media?parent=3810"}],"curies":[{"name":"wp","href":"https:\/\/api.w.org\/{rel}","templated":true}]}}