{"id":3714,"date":"2022-10-17T12:49:16","date_gmt":"2022-10-17T10:49:16","guid":{"rendered":"https:\/\/jednostki.uksw.edu.pl\/bon\/?page_id=3714"},"modified":"2025-10-02T12:19:39","modified_gmt":"2025-10-02T10:19:39","slug":"praktyki","status":"publish","type":"page","link":"https:\/\/bk.uksw.edu.pl\/praktyki\/","title":{"rendered":"Praktyki"},"content":{"rendered":"\n<p>Je\u015bli stoisz przed dylematem, jak i gdzie znale\u017a\u0107 dobre miejsce do odbycia praktyki, podpowiadamy kilka mo\u017cliwo\u015bci, z kt\u00f3rych mo\u017cesz skorzysta\u0107.<\/p>\n\n\n\n<h2 class=\"wp-block-heading\">PRAKTYKI STUDENCKIE<\/h2>\n\n\n\n<ol class=\"wp-block-list\">\n<li><a href=\"https:\/\/bk.uksw.edu.pl\/praktyki\/proponowane-miejsca-praktyk\/\" target=\"_blank\" rel=\"noreferrer noopener\">Lista instytucji, z kt\u00f3rymi wsp\u00f3\u0142pracuje Uniwersytet<\/a>.<\/li>\n\n\n\n<li><a href=\"http:\/\/www.uksw.edu.pl\/pl\/struktura\">Jednostki administracyjne Uczelni<\/a>.<\/li>\n\n\n\n<li>Oferty praktyk proponowanych przez pracodawc\u0119:\n<ol class=\"wp-block-list\">\n<li>dost\u0119pnych w serwisie&nbsp;<a href=\"http:\/\/www.biurokarier.edu.pl\/\">biurokarier.edu.pl<\/a>,&nbsp;do kt\u00f3rego dost\u0119p mo\u017cna uzyska\u0107 poprzez rejestracj\u0119 na stronie&nbsp;<a href=\"https:\/\/bk.uksw.edu.pl\/serwis-abk\/\">Biura Karier<\/a>,<\/li>\n\n\n\n<li><a href=\"http:\/\/oferty.praca.gov.pl\/portal\/index.cbop#\/listaOfert?N4IgTg9gJgXg6gTwM4wLIEsCmArJBjAQxAC4A7AVwBtKAaEAWy1z0xJBDqQBcDSIB3dEgDWENhxAwCAczC90hEgDMClJJk5dIpBQPmtiobgTBcSABjp4I5UmeIBGcwF9OEU3p0HQkWAWxsACIAggAqwQD6AAoAqgBCADIAkgDSwQDCAFJJEsJYYLaYwkEAogDK6SCuIPwIAEZypJgpBFyY0u5YJADaALp0kDCCXm0tbR1gXcR9zkAA==\">praktyki z centralnej bazy ofert<\/a>,<\/li>\n<\/ol>\n<\/li>\n<\/ol>\n\n\n\n<p>4. Program Erasmus &#8211; praktyki zagraniczne oferowane przez Uczelni\u0119&nbsp;&#8211;<a href=\"http:\/\/www.dwm.uksw.edu.pl\/index.php?option=com_content&amp;view=article&amp;id=624&amp;Itemid=229\">&nbsp;zobacz list\u0119<\/a><\/p>\n\n\n\n<p>5.<a href=\"http:\/\/www.karierawfinansach.pl\/praktyki-letnie-2017\"> Oferty praktyk wed\u0142ug wybranej bran\u017cy<\/a>.&nbsp;<a href=\"http:\/\/www.karierawfinansach.pl\/praktyki-letnie-2017\">Szczeg\u00f3\u0142y<\/a><\/p>\n\n\n\n<p>5. Praktyki zagraniczne<\/p>\n\n\n\n<ul class=\"wp-block-list\">\n<li><a href=\"http:\/\/www.praxisnetwork.eu\/\">Praxis<\/a>&nbsp;(European Centre for Project\/Internship Excellence)<\/li>\n\n\n\n<li><a href=\"http:\/\/erasmusintern.org\/\">ErasmusIntern.org<\/a>&nbsp;(projekt wspierany przez Erasmus Student Network)<\/li>\n\n\n\n<li><a href=\"https:\/\/aiesec.pl\/global-talent\/\">Global Talent&nbsp;<\/a>(mi\u0119dzynarodowy program praktyk wspierany przez organizacj\u0119&nbsp;<a href=\"http:\/\/aiesec.pl\/wyjedz-na-praktyki-w-firmie\/#more\">AIESEC<\/a>)<\/li>\n\n\n\n<li><a href=\"https:\/\/iaeste.pl\/praktykant\">Program IAESTE<\/a>&nbsp;(mi\u0119dzynarodowy program sta\u017cy)<\/li>\n\n\n\n<li><a href=\"https:\/\/www.esn.pl\/pl\/erasmus-baza-praktyk\">Erasmus Student Network<\/a><\/li>\n\n\n\n<li><a href=\"https:\/\/www.jobteaser.com\/pl\">JobTeaser<\/a><\/li>\n\n\n\n<li><a href=\"https:\/\/spain-internship.com\/\">The Student Mobility<\/a> (Hiszpania)<\/li>\n<\/ul>\n\n\n\n<h2 class=\"wp-block-heading\">PRAKTYKI ABSOLWENCKIE<\/h2>\n\n\n\n<ol class=\"wp-block-list\">\n<li><a href=\"http:\/\/www.bk.uksw.edu.pl\/sites\/default\/files\/regumanin-praktyk-w-jednostkach-adm-1.pdf\">Jednostki organizacyjne Uniwersytetu, kt\u00f3re og\u0142aszaj\u0105 konkursy<\/a><\/li>\n\n\n\n<li><a href=\"https:\/\/www.gov.pl\/web\/premier\/praktyki-wolontariaty-i-staze-w-kprm\">Kancelaria Prezesa Rady Ministr\u00f3w<\/a><\/li>\n\n\n\n<li><a href=\"https:\/\/warszawapraga.so.gov.pl\/artykuly\/175\/praktyki-studenckie-praktyki-absolwenckie-oraz-wolontariat\">S\u0105d Okr\u0119gowy Warszawa-Praga<\/a><\/li>\n\n\n\n<li><a href=\"https:\/\/www.uokik.gov.pl\/praktyki_w_uokik.php\">Urz\u0105d Ochrony Konkurencji i Konsument\u00f3w<\/a><\/li>\n\n\n\n<li><a href=\"https:\/\/www.gov.pl\/web\/uw-mazowiecki\/praktyki-staze-wolontariaty2\">Mazowiecki Urz\u0105d Wojew\u00f3dzki<\/a><\/li>\n\n\n\n<li><a href=\"https:\/\/mokotow.sr.gov.pl\/praktyki-absolwenckie,m,m2,237,239\">S\u0105d Rejonowy dla Warszawy &#8211; Mokotowa<\/a><\/li>\n\n\n\n<li><a href=\"http:\/\/www.mazowieckie.kas.gov.pl\/izba-administracji-skarbowej-w-warszawie\/ogloszenia\/nabor\/praktyki-studenckie\">Izba Administracji Skarbowej<\/a><\/li>\n\n\n\n<li><a href=\"http:\/\/bip.stat.gov.pl\/ogloszenia\/praktyki-staze-wolontariat\/praktyki-absolwenckie\/\">G\u0142\u00f3wny Urz\u0105d Statystyczny<\/a><\/li>\n\n\n\n<li><a href=\"https:\/\/bip.warszawa.pl\/Menu_przedmiotowe\/rekrutacja\/default.htm\">Urz\u0105d m.st. Warszawy<\/a><\/li>\n\n\n\n<li><a href=\"https:\/\/bip.warszawa.so.gov.pl\/oferty-pracy\/1920\">S\u0105d Okr\u0119gowy w Warszawie<\/a><\/li>\n<\/ol>\n\n\n\n<div style=\"height:100px\" aria-hidden=\"true\" class=\"wp-block-spacer\"><\/div>\n\n\n\r\n<div class=\"\">\r\n\r\n<div class=\"page_heading\"> <img decoding=\"async\" src=\"https:\/\/bk.uksw.edu.pl\/wp-content\/themes\/uksw\/images\/note-2_white.svg\" alt=\"\"> Wybierz interesuj\u0105cy Ci\u0119 dzia\u0142:<\/div>\r\n<div class=\"candidate_box_sec\">\r\n<div class=\"row\">\r\n\r\n    \r\n                                \r\n                            <div class=\"col-xl-4 col-lg-6 col-md-12 col-sm-12 project\">\r\n                                <a href=\"https:\/\/bk.uksw.edu.pl\/?post_type=page&#038;p=3817\" class=\"project_box\">\r\n                                    <div class=\"candidate_box project_box\">\r\n                                        <div class=\"candidate_box_title\">Regulamin<\/div>\r\n                                                                                <img decoding=\"async\" src=\"https:\/\/bk.uksw.edu.pl\/wp-content\/themes\/uksw\/images\/arrow_more1.svg\" alt=\"\">  \r\n                                    <\/div>\r\n                                <\/a>\r\n                            <\/div>\r\n                      \r\n                        \r\n                            \r\n                                \r\n                            <div class=\"col-xl-4 col-lg-6 col-md-12 col-sm-12 project\">\r\n                                <a href=\"https:\/\/bk.uksw.edu.pl\/?post_type=page&#038;p=3818\" class=\"project_box\">\r\n                                    <div class=\"candidate_box project_box\">\r\n                                        <div class=\"candidate_box_title\">Program<\/div>\r\n                                                                                <div class=\"candidate_box_sub_title\">praktyk<\/div>\r\n                                                                                <img decoding=\"async\" src=\"https:\/\/bk.uksw.edu.pl\/wp-content\/themes\/uksw\/images\/arrow_more1.svg\" alt=\"\">  \r\n                                    <\/div>\r\n                                <\/a>\r\n                            <\/div>\r\n                      \r\n                        \r\n                            \r\n                                \r\n                            <div class=\"col-xl-4 col-lg-6 col-md-12 col-sm-12 project\">\r\n                                <a href=\"https:\/\/bk.uksw.edu.pl\/?post_type=page&#038;p=3819\" class=\"project_box\">\r\n                                    <div class=\"candidate_box project_box\">\r\n                                        <div class=\"candidate_box_title\">Pe\u0142nomocnicy<\/div>\r\n                                                                                <div class=\"candidate_box_sub_title\">dziekana ds. praktyk<\/div>\r\n                                                                                <img decoding=\"async\" src=\"https:\/\/bk.uksw.edu.pl\/wp-content\/themes\/uksw\/images\/arrow_more1.svg\" alt=\"\">  \r\n                                    <\/div>\r\n                                <\/a>\r\n                            <\/div>\r\n                      \r\n                        \r\n                            \r\n                                \r\n                            <div class=\"col-xl-4 col-lg-6 col-md-12 col-sm-12 project\">\r\n                                <a href=\"https:\/\/bk.uksw.edu.pl\/?post_type=page&#038;p=3820\" class=\"project_box\">\r\n                                    <div class=\"candidate_box project_box\">\r\n                                        <div class=\"candidate_box_title\">Dokumenty<\/div>\r\n                                                                                <div class=\"candidate_box_sub_title\">praktykanta<\/div>\r\n                                                                                <img decoding=\"async\" src=\"https:\/\/bk.uksw.edu.pl\/wp-content\/themes\/uksw\/images\/arrow_more1.svg\" alt=\"\">  \r\n                                    <\/div>\r\n                                <\/a>\r\n                            <\/div>\r\n                      \r\n                        \r\n                            \r\n                                \r\n                            <div class=\"col-xl-4 col-lg-6 col-md-12 col-sm-12 project\">\r\n                                <a href=\"https:\/\/bk.uksw.edu.pl\/?post_type=page&#038;p=3821\" class=\"project_box\">\r\n                                    <div class=\"candidate_box project_box\">\r\n                                        <div class=\"candidate_box_title\">Proponowane<\/div>\r\n                                                                                <div class=\"candidate_box_sub_title\">miejsca praktyk<\/div>\r\n                                                                                <img decoding=\"async\" src=\"https:\/\/bk.uksw.edu.pl\/wp-content\/themes\/uksw\/images\/arrow_more1.svg\" alt=\"\">  \r\n                                    <\/div>\r\n                                <\/a>\r\n                            <\/div>\r\n                      \r\n                        \r\n                            \r\n                                \r\n                            <div class=\"col-xl-4 col-lg-6 col-md-12 col-sm-12 project\">\r\n                                <a href=\"https:\/\/bk.uksw.edu.pl\/?post_type=page&#038;p=3822\" class=\"project_box\">\r\n                                    <div class=\"candidate_box project_box\">\r\n                                        <div class=\"candidate_box_title\">FAQ<\/div>\r\n                                                                                <img decoding=\"async\" src=\"https:\/\/bk.uksw.edu.pl\/wp-content\/themes\/uksw\/images\/arrow_more1.svg\" alt=\"\">  \r\n                                    <\/div>\r\n                                <\/a>\r\n                            <\/div>\r\n                      \r\n                        \r\n                            <\/div>\r\n<\/div>\r\n\r\n<\/div>","protected":false},"excerpt":{"rendered":"<p>Je\u015bli stoisz przed dylematem, jak i gdzie znale\u017a\u0107 dobre miejsce do odbycia praktyki, podpowiadamy kilka mo\u017cliwo\u015bci, z kt\u00f3rych mo\u017cesz skorzysta\u0107. PRAKTYKI STUDENCKIE 4. Program Erasmus &#8211; praktyki zagraniczne oferowane przez Uczelni\u0119&nbsp;&#8211;&nbsp;zobacz list\u0119 5. Oferty praktyk wed\u0142ug wybranej bran\u017cy.&nbsp;Szczeg\u00f3\u0142y 5. Praktyki zagraniczne PRAKTYKI ABSOLWENCKIE<\/p>\n","protected":false},"author":7,"featured_media":4989,"parent":0,"menu_order":1,"comment_status":"closed","ping_status":"closed","template":"page-templates\/template-sub-page.php","meta":{"_acf_changed":false,"inline_featured_image":false,"footnotes":"","_links_to":"","_links_to_target":""},"class_list":["post-3714","page","type-page","status-publish","has-post-thumbnail","hentry"],"acf":[],"_links":{"self":[{"href":"https:\/\/bk.uksw.edu.pl\/pl\/wp-json\/wp\/v2\/pages\/3714","targetHints":{"allow":["GET"]}}],"collection":[{"href":"https:\/\/bk.uksw.edu.pl\/pl\/wp-json\/wp\/v2\/pages"}],"about":[{"href":"https:\/\/bk.uksw.edu.pl\/pl\/wp-json\/wp\/v2\/types\/page"}],"author":[{"embeddable":true,"href":"https:\/\/bk.uksw.edu.pl\/pl\/wp-json\/wp\/v2\/users\/7"}],"replies":[{"embeddable":true,"href":"https:\/\/bk.uksw.edu.pl\/pl\/wp-json\/wp\/v2\/comments?post=3714"}],"version-history":[{"count":16,"href":"https:\/\/bk.uksw.edu.pl\/pl\/wp-json\/wp\/v2\/pages\/3714\/revisions"}],"predecessor-version":[{"id":10888,"href":"https:\/\/bk.uksw.edu.pl\/pl\/wp-json\/wp\/v2\/pages\/3714\/revisions\/10888"}],"wp:featuredmedia":[{"embeddable":true,"href":"https:\/\/bk.uksw.edu.pl\/pl\/wp-json\/wp\/v2\/media\/4989"}],"wp:attachment":[{"href":"https:\/\/bk.uksw.edu.pl\/pl\/wp-json\/wp\/v2\/media?parent=3714"}],"curies":[{"name":"wp","href":"https:\/\/api.w.org\/{rel}","templated":true}]}}