{"id":3712,"date":"2022-10-17T12:48:48","date_gmt":"2022-10-17T10:48:48","guid":{"rendered":"https:\/\/jednostki.uksw.edu.pl\/bon\/?page_id=3712"},"modified":"2026-01-13T08:59:17","modified_gmt":"2026-01-13T07:59:17","slug":"serwis-abk","status":"publish","type":"page","link":"https:\/\/bk.uksw.edu.pl\/serwis-abk\/","title":{"rendered":"Serwis z ofertami"},"content":{"rendered":"\n<p>Uniwersytet Kardyna\u0142a Stefana Wyszy\u0144skiego do\u0142\u0105czy\u0142 do serwisu&nbsp;<a href=\"https:\/\/www.biurokarier.edu.pl\/\">biurokarier.edu.pl<\/a>,&nbsp;czyli internetowej platformy u\u0142atwiaj\u0105cej kontakt mi\u0119dzy pracodawcami a kandydatami do pracy. Serwis zawiera oferty pracy, praktyk i sta\u017cy z ca\u0142ego kraju dedykowane studentom i absolwentom o\u015bmiu Uczelni oraz oferuje mo\u017cliwo\u015b\u0107 stworzenia w\u0142asnego profilu zawodowego. Serwis jest skierowany do student\u00f3w i absolwent\u00f3w zarejestrowanych w Biurze Karier UKSW.<\/p>\n\n\n\n<h2 class=\"wp-block-heading\">Korzy\u015bci dla zarejestrowanych student\u00f3w i absolwent\u00f3w:<\/h2>\n\n\n\n<ul class=\"wp-block-list\">\n<li>dost\u0119p do ofert zamieszczonych w serwisie i rozbudowanych mechanizm\u00f3w ich filtrowania zgodnie ze swoim wykszta\u0142ceniem, umiej\u0119tno\u015bciami oraz preferencjami zawodowymi&nbsp;<\/li>\n\n\n\n<li>kreator CV<\/li>\n\n\n\n<li>automatyczne powiadomienia o nowych ofertach.<\/li>\n<\/ul>\n\n\n\n<h2 class=\"wp-block-heading\">Jak zarejestrowa\u0107 si\u0119 w serwisie?<\/h2>\n\n\n\n<p>Przebieg procedury rejestracyjnej zale\u017cy od statusu posiadanego na Uczelni: student b\u0105d\u017a absolwent. Osoba posiadaj\u0105ca oba statusy, powinna kierowa\u0107 si\u0119 procedur\u0105 rejestracji dla student\u00f3w.<\/p>\n\n\n\r\n<div class=\"\">\r\n\r\n<div class=\"page_heading\"> <img decoding=\"async\" src=\"https:\/\/bk.uksw.edu.pl\/wp-content\/themes\/uksw\/images\/note-2_white.svg\" alt=\"\"> Do\u0142\u0105cz do nas:<\/div>\r\n<div class=\"candidate_box_sec\">\r\n<div class=\"row\">\r\n\r\n        \r\n                               \r\n                            <div class=\"col-xl-6 col-lg-6 col-md-12 col-sm-12 \">\r\n                                <a href=\"https:\/\/bk.uksw.edu.pl\/serwis-abk\/rejestracja-dla-absolwentow\/\"  class=\"project\" >\r\n                                    <div class=\"candidate_box project_box\">\r\n                                        <div class=\"candidate_box_title\">Rejestracja dla absolwent\u00f3w<\/div>\r\n                                                                                <div class=\"candidate_box_sub_title\"><\/div>\r\n                                                                                <img decoding=\"async\" src=\"https:\/\/bk.uksw.edu.pl\/wp-content\/themes\/uksw\/images\/arrow_more1.svg\" alt=\"\">  \r\n                                    <\/div>\r\n                                <\/a>   \r\n                            <\/div>\r\n                     \r\n\r\n                         \r\n                            \r\n                            <div class=\"col-xl-6 col-lg-6 col-md-12 col-sm-12 \">\r\n                                <a href=\"https:\/\/bk.uksw.edu.pl\/serwis-abk\/rejestracja-dla-studentow\/\"  class=\"project\" >\r\n                                    <div class=\"candidate_box project_box\">\r\n                                        <div class=\"candidate_box_title\">Rejestracja dla student\u00f3w<\/div>\r\n                                                                                <div class=\"candidate_box_sub_title\"><\/div>\r\n                                                                                <img decoding=\"async\" src=\"https:\/\/bk.uksw.edu.pl\/wp-content\/themes\/uksw\/images\/arrow_more1.svg\" alt=\"\">  \r\n                                    <\/div>\r\n                                <\/a>   \r\n                            <\/div>\r\n                     \r\n\r\n                         \r\n                            <\/div>\r\n<\/div>\r\n\r\n<\/div>\n\n\n<p>Aby w pe\u0142ni korzysta\u0107 z funkcjonalno\u015bci serwisu, rekomendujemy uzupe\u0142ni\u0107 sw\u00f3j profil zawodowy, poniewa\u017c pracodawcy maj\u0105 mo\u017cliwo\u015b\u0107 przeszukiwa\u0107 profile kandydat\u00f3w. Mo\u017cna wykorzysta\u0107 w tym celu zawarto\u015b\u0107 USOS, co pozwoli wzbogaci\u0107 profil o wybrane informacje na temat przebiegu studi\u00f3w (np. tytu\u0142 pracy dyplomowej, przedmioty, kt\u00f3re uko\u0144czy\u0142e\u015b). Opcja ta jest jednak dost\u0119pna dla os\u00f3b, kt\u00f3re rozpocz\u0119\u0142y studia nie wcze\u015bniej ni\u017c w 2004 roku..<\/p>\n\n\n\n<p>Wi\u0119cej informacji na temat funkcjonowania serwisu znajdziesz w&nbsp;<a href=\"https:\/\/bk.uksw.edu.pl\/wp-content\/uploads\/sites\/17\/2022\/11\/instrukcja_studenci-i-absolwenci.pdf\" data-type=\"URL\" data-id=\"https:\/\/bk.uksw.edu.pl\/wp-content\/uploads\/sites\/17\/2022\/11\/instrukcja_studenci-i-absolwenci.pdf\">Instrukcji korzystania z serwisu<\/a>&nbsp;oraz najcz\u0119\u015bciej pojawiaj\u0105cych si\u0119 pytaniach&nbsp;<a href=\"https:\/\/biurokarier.edu.pl\/index.php?view=default&amp;module=data.Info&amp;params=faq-students\" data-type=\"URL\" data-id=\"https:\/\/biurokarier.edu.pl\/index.php?view=default&amp;module=data.Info&amp;params=faq-students\">FAQ<\/a>.<\/p>\n","protected":false},"excerpt":{"rendered":"<p>Uniwersytet Kardyna\u0142a Stefana Wyszy\u0144skiego do\u0142\u0105czy\u0142 do serwisu&nbsp;biurokarier.edu.pl,&nbsp;czyli internetowej platformy u\u0142atwiaj\u0105cej kontakt mi\u0119dzy pracodawcami a kandydatami do pracy. Serwis zawiera oferty pracy, praktyk i sta\u017cy z ca\u0142ego kraju dedykowane studentom i absolwentom o\u015bmiu Uczelni oraz oferuje mo\u017cliwo\u015b\u0107 stworzenia w\u0142asnego profilu zawodowego. Serwis jest skierowany do student\u00f3w i absolwent\u00f3w zarejestrowanych w Biurze Karier UKSW. Korzy\u015bci dla zarejestrowanych [&hellip;]<\/p>\n","protected":false},"author":7,"featured_media":7087,"parent":0,"menu_order":1,"comment_status":"closed","ping_status":"closed","template":"page-templates\/template-sub-page.php","meta":{"_acf_changed":false,"inline_featured_image":false,"footnotes":"","_links_to":"","_links_to_target":""},"class_list":["post-3712","page","type-page","status-publish","has-post-thumbnail","hentry"],"acf":[],"_links":{"self":[{"href":"https:\/\/bk.uksw.edu.pl\/pl\/wp-json\/wp\/v2\/pages\/3712","targetHints":{"allow":["GET"]}}],"collection":[{"href":"https:\/\/bk.uksw.edu.pl\/pl\/wp-json\/wp\/v2\/pages"}],"about":[{"href":"https:\/\/bk.uksw.edu.pl\/pl\/wp-json\/wp\/v2\/types\/page"}],"author":[{"embeddable":true,"href":"https:\/\/bk.uksw.edu.pl\/pl\/wp-json\/wp\/v2\/users\/7"}],"replies":[{"embeddable":true,"href":"https:\/\/bk.uksw.edu.pl\/pl\/wp-json\/wp\/v2\/comments?post=3712"}],"version-history":[{"count":22,"href":"https:\/\/bk.uksw.edu.pl\/pl\/wp-json\/wp\/v2\/pages\/3712\/revisions"}],"predecessor-version":[{"id":11331,"href":"https:\/\/bk.uksw.edu.pl\/pl\/wp-json\/wp\/v2\/pages\/3712\/revisions\/11331"}],"wp:featuredmedia":[{"embeddable":true,"href":"https:\/\/bk.uksw.edu.pl\/pl\/wp-json\/wp\/v2\/media\/7087"}],"wp:attachment":[{"href":"https:\/\/bk.uksw.edu.pl\/pl\/wp-json\/wp\/v2\/media?parent=3712"}],"curies":[{"name":"wp","href":"https:\/\/api.w.org\/{rel}","templated":true}]}}