{"id":3668,"date":"2022-10-14T15:06:07","date_gmt":"2022-10-14T13:06:07","guid":{"rendered":"https:\/\/jednostki.uksw.edu.pl\/bbn\/badania-naukowe\/"},"modified":"2026-04-07T14:32:34","modified_gmt":"2026-04-07T12:32:34","slug":"pracodawcy","status":"publish","type":"page","link":"https:\/\/bk.uksw.edu.pl\/pracodawcy\/","title":{"rendered":"Pracodawcy"},"content":{"rendered":"\n<h2 class=\"wp-block-heading\"><\/h2>\n\n\n\n<h3 class=\"wp-block-heading\">Publikacja ofert pracy, praktyk, sta\u017cy i wolontariatu<\/h3>\n\n\n\n<p>Aby zamie\u015bci\u0107 ofert\u0119 prosimy o skorzystanie z&nbsp;s<a href=\"https:\/\/biurokarier.edu.pl\/index.php\">erwisu&nbsp;<\/a><a href=\"https:\/\/biurokarier.edu.pl\/index.php\">biurokarier.edu.pl<\/a><\/p>\n\n\n\n<p>Aby zarejestrowa\u0107 si\u0119 w serwisie i m\u00f3c sk\u0142ada\u0107 oferty nale\u017cy:<\/p>\n\n\n\n<ul class=\"wp-block-list\">\n<li>Zapozna\u0107 si\u0119 z&nbsp;<a href=\"https:\/\/biurokarier.edu.pl\/index.php?view=default&amp;module=data.Info&amp;params=policy#zasady-ogloszenia\">Regulaminem korzystania z serwisu<\/a>&nbsp;(korzystanie jest bezp\u0142atne)<\/li>\n\n\n\n<li>Przej\u015b\u0107 do&nbsp;<a href=\"https:\/\/biurokarier.edu.pl\/index.php?view=default&amp;module=data.Info&amp;params=employerzone\">strefy pracodawcy&nbsp;<\/a><\/li>\n\n\n\n<li>Utworzy\u0107 konto pracodawcy (poprzez rejestracj\u0119)<\/li>\n\n\n\n<li>Potwierdzi\u0107 aktywacj\u0119 konta (e-mail aktywacyjny) &#8211; aktywacja nast\u0119puje po akceptacji BK w dni robocze<\/li>\n\n\n\n<li>Zalogowa\u0107 si\u0119 za pomoc\u0105 identyfikatora i has\u0142a podanego podczas tworzenia konta<\/li>\n\n\n\n<li>Zaakceptowa\u0107 regulamin korzystania z serwisu biurokarier.edu.pl<\/li>\n<\/ul>\n\n\n\n<p><a href=\"https:\/\/biurokarier.edu.pl\/index.php?view=default&amp;module=data.Info&amp;params=faq-employers\">Szczeg\u00f3\u0142owe informacje dotycz\u0105ce korzystania z serwisu<\/a><\/p>\n\n\n\n<h3 class=\"wp-block-heading\">Organizacja zawodowych praktyk studenckich<\/h3>\n\n\n\n<p>Pracodawc\u00f3w, kt\u00f3rzy zainteresowani s\u0105 regularnym przyjmowaniem na praktyki student\u00f3w Uniwersytetu, zach\u0119camy do podpisania umowy o wsp\u00f3\u0142pracy, reguluj\u0105cej organizacj\u0119 i prowadzenie studenckich praktyk zawodowych.<\/p>\n\n\n\n<h3 class=\"wp-block-heading\">Prezentacja firmy na Uczelni<\/h3>\n\n\n\n<p>W celu przybli\u017cenia studentom swojej dzia\u0142alno\u015bci b\u0105d\u017a prowadzonej aktualnie rekrutacji, zach\u0119camy do zorganizowania prezentacji w formie: stoiska promocyjnego lub spotkania informacyjno-rekrutacyjnego. Firmy zainteresowane tak\u0105 form\u0105 wsp\u00f3\u0142pracy prosimy o kontakt drog\u0105 elektroniczn\u0105 b\u0105d\u017a telefoniczn\u0105 w celu ustalenia szczeg\u00f3\u0142\u00f3w.<\/p>\n\n\n\n<h3 class=\"wp-block-heading\">Rekrutacja student\u00f3w na prowadzone aktualnie w firmie procesy rekrutacyjne<\/h3>\n\n\n\n<h3 class=\"wp-block-heading\">Promocja i dystrybucja materia\u0142\u00f3w informacyjnych&nbsp;<\/h3>\n\n\n\n<p>Je\u015bli firma prowadzi proces rekrutacyjny, rusza z programem ambasadorskim b\u0105d\u017a organizuje dla student\u00f3w konkurs, Biuro Karier mo\u017ce wesprze\u0107  w dotarciu do grupy docelowych odbiorc\u00f3w.<\/p>\n\n\n\n<h3 class=\"wp-block-heading\"><\/h3>\n\n\n\n<h3 class=\"wp-block-heading\">KONTAKT<\/h3>\n\n\n\n<p>adres e-mail: <a href=\"mailto:biurokarier@uksw.edu.pl\">biurokarier@uksw.edu.pl<\/a>,&nbsp; tel.: <a href=\"tel:223809698\" data-type=\"tel\" data-id=\"tel:223809698\">22 380 96 98<\/a><\/p>\n\n\n\n<p>Biuro Karier nie rozpowszechnia informacji o p\u0142atnych inicjatywach skierowanych do student\u00f3w i absolwent\u00f3w Uniwersytetu.<\/p>\n\n\n\n<p><br><\/p>\n","protected":false},"excerpt":{"rendered":"<p>Publikacja ofert pracy, praktyk, sta\u017cy i wolontariatu Aby zamie\u015bci\u0107 ofert\u0119 prosimy o skorzystanie z&nbsp;serwisu&nbsp;biurokarier.edu.pl Aby zarejestrowa\u0107 si\u0119 w serwisie i m\u00f3c sk\u0142ada\u0107 oferty nale\u017cy: Szczeg\u00f3\u0142owe informacje dotycz\u0105ce korzystania z serwisu Organizacja zawodowych praktyk studenckich Pracodawc\u00f3w, kt\u00f3rzy zainteresowani s\u0105 regularnym przyjmowaniem na praktyki student\u00f3w Uniwersytetu, zach\u0119camy do podpisania umowy o wsp\u00f3\u0142pracy, reguluj\u0105cej organizacj\u0119 i prowadzenie studenckich [&hellip;]<\/p>\n","protected":false},"author":7,"featured_media":4986,"parent":0,"menu_order":1,"comment_status":"closed","ping_status":"closed","template":"page-templates\/template-sub-page.php","meta":{"_acf_changed":false,"inline_featured_image":false,"footnotes":"","_links_to":"","_links_to_target":""},"class_list":["post-3668","page","type-page","status-publish","has-post-thumbnail","hentry"],"acf":[],"_links":{"self":[{"href":"https:\/\/bk.uksw.edu.pl\/pl\/wp-json\/wp\/v2\/pages\/3668","targetHints":{"allow":["GET"]}}],"collection":[{"href":"https:\/\/bk.uksw.edu.pl\/pl\/wp-json\/wp\/v2\/pages"}],"about":[{"href":"https:\/\/bk.uksw.edu.pl\/pl\/wp-json\/wp\/v2\/types\/page"}],"author":[{"embeddable":true,"href":"https:\/\/bk.uksw.edu.pl\/pl\/wp-json\/wp\/v2\/users\/7"}],"replies":[{"embeddable":true,"href":"https:\/\/bk.uksw.edu.pl\/pl\/wp-json\/wp\/v2\/comments?post=3668"}],"version-history":[{"count":16,"href":"https:\/\/bk.uksw.edu.pl\/pl\/wp-json\/wp\/v2\/pages\/3668\/revisions"}],"predecessor-version":[{"id":11626,"href":"https:\/\/bk.uksw.edu.pl\/pl\/wp-json\/wp\/v2\/pages\/3668\/revisions\/11626"}],"wp:featuredmedia":[{"embeddable":true,"href":"https:\/\/bk.uksw.edu.pl\/pl\/wp-json\/wp\/v2\/media\/4986"}],"wp:attachment":[{"href":"https:\/\/bk.uksw.edu.pl\/pl\/wp-json\/wp\/v2\/media?parent=3668"}],"curies":[{"name":"wp","href":"https:\/\/api.w.org\/{rel}","templated":true}]}}