{"id":3362,"date":"2022-08-03T11:35:40","date_gmt":"2022-08-03T09:35:40","guid":{"rendered":"https:\/\/jednostki.uksw.edu.pl\/?page_id=2780"},"modified":"2022-11-14T10:09:09","modified_gmt":"2022-11-14T09:09:09","slug":"projekt-abk","status":"publish","type":"page","link":"https:\/\/bk.uksw.edu.pl\/projekt-abk\/","title":{"rendered":"Projekt ABK"},"content":{"rendered":"\n<figure class=\"wp-block-image size-full is-resized\"><img loading=\"lazy\" decoding=\"async\" src=\"https:\/\/bk.uksw.edu.pl\/wp-content\/uploads\/sites\/17\/2022\/11\/grafika-na-strone-logotyp.png\" alt=\"Logotypu Unijne\" class=\"wp-image-4845\" width=\"498\" height=\"102\" srcset=\"https:\/\/bk.uksw.edu.pl\/wp-content\/uploads\/sites\/17\/2022\/11\/grafika-na-strone-logotyp.png 498w, https:\/\/bk.uksw.edu.pl\/wp-content\/uploads\/sites\/17\/2022\/11\/grafika-na-strone-logotyp-300x61.png 300w\" sizes=\"auto, (max-width: 498px) 100vw, 498px\" \/><figcaption class=\"wp-element-caption\">Nr projektu: POWR.03.01.00-00-B056\/17<\/figcaption><\/figure>\n\n\n\n<p>Od 1 pa\u017adziernika 2019 r. Biuro Karier realizuje projekt pt.&nbsp;\u201e<strong>Wiem, potrafi\u0119, dzia\u0142am. Profesjonalizacja us\u0142ug Centrum Szkole\u0144 i Doradztwa Zawodowego UKSW\u201d (POWR.03.01.00-00-B056\/17)<\/strong>.<\/p>\n\n\n\n<p>W jego ramach studentom oferowana jest mo\u017cliwo\u015b\u0107 bezp\u0142atnego udzia\u0142u w konsultacjach z obszaru doradztwa zawodowego, obejmuj\u0105cych m. in. badanie kompetencji oraz r\u00f3l zespo\u0142owych, a tak\u017ce udzia\u0142 w bezp\u0142atnych szkoleniach podnosz\u0105cych ich kompetencje przedsi\u0119biorcze i inne, b\u0119d\u0105ce kluczem do sukcesu zawodowego.<\/p>\n\n\n\r\n<div class=\"\">\r\n\r\n<div class=\"page_heading\"> <img decoding=\"async\" src=\"https:\/\/bk.uksw.edu.pl\/wp-content\/themes\/uksw\/images\/note-2_white.svg\" alt=\"\">  Wybierz interesuj\u0105cy Ci\u0119 dzia\u0142:<\/div>\r\n<div class=\"candidate_box_sec\">\r\n<div class=\"row\">\r\n\r\n    \r\n                                \r\n                            <div class=\"col-xl-4 col-lg-6 col-md-12 col-sm-12 project\">\r\n                                <a href=\"https:\/\/bk.uksw.edu.pl\/?post_type=page&#038;p=3823\" class=\"project_box\">\r\n                                    <div class=\"candidate_box project_box\">\r\n                                        <div class=\"candidate_box_title\">O<\/div>\r\n                                                                                <div class=\"candidate_box_sub_title\">projekcie<\/div>\r\n                                                                                <img decoding=\"async\" src=\"https:\/\/bk.uksw.edu.pl\/wp-content\/themes\/uksw\/images\/arrow_more1.svg\" alt=\"\">  \r\n                                    <\/div>\r\n                                <\/a>\r\n                            <\/div>\r\n                      \r\n                        \r\n                            \r\n                                \r\n                            <div class=\"col-xl-4 col-lg-6 col-md-12 col-sm-12 project\">\r\n                                <a href=\"https:\/\/bk.uksw.edu.pl\/?post_type=page&#038;p=3824\" class=\"project_box\">\r\n                                    <div class=\"candidate_box project_box\">\r\n                                        <div class=\"candidate_box_title\">Przedmioty<\/div>\r\n                                                                                <div class=\"candidate_box_sub_title\">og\u00f3lnouczelniane &#8211; szkolenia<\/div>\r\n                                                                                <img decoding=\"async\" src=\"https:\/\/bk.uksw.edu.pl\/wp-content\/themes\/uksw\/images\/arrow_more1.svg\" alt=\"\">  \r\n                                    <\/div>\r\n                                <\/a>\r\n                            <\/div>\r\n                      \r\n                        \r\n                            \r\n                                \r\n                            <div class=\"col-xl-4 col-lg-6 col-md-12 col-sm-12 project\">\r\n                                <a href=\"https:\/\/bk.uksw.edu.pl\/?post_type=page&#038;p=3825\" class=\"project_box\">\r\n                                    <div class=\"candidate_box project_box\">\r\n                                        <div class=\"candidate_box_title\">Dokumenty<\/div>\r\n                                                                                <div class=\"candidate_box_sub_title\">projektowe<\/div>\r\n                                                                                <img decoding=\"async\" src=\"https:\/\/bk.uksw.edu.pl\/wp-content\/themes\/uksw\/images\/arrow_more1.svg\" alt=\"\">  \r\n                                    <\/div>\r\n                                <\/a>\r\n                            <\/div>\r\n                      \r\n                        \r\n                            \r\n                                \r\n                            <div class=\"col-xl-4 col-lg-6 col-md-12 col-sm-12 project\">\r\n                                <a href=\"https:\/\/bk.uksw.edu.pl\/?post_type=page&#038;p=3826\" class=\"project_box\">\r\n                                    <div class=\"candidate_box project_box\">\r\n                                        <div class=\"candidate_box_title\">Targi<\/div>\r\n                                                                                <div class=\"candidate_box_sub_title\">pracy<\/div>\r\n                                                                                <img decoding=\"async\" src=\"https:\/\/bk.uksw.edu.pl\/wp-content\/themes\/uksw\/images\/arrow_more1.svg\" alt=\"\">  \r\n                                    <\/div>\r\n                                <\/a>\r\n                            <\/div>\r\n                      \r\n                        \r\n                            \r\n                                \r\n                            <div class=\"col-xl-4 col-lg-6 col-md-12 col-sm-12 project\">\r\n                                <a href=\"https:\/\/bk.uksw.edu.pl\/?post_type=page&#038;p=3827\" class=\"project_box\">\r\n                                    <div class=\"candidate_box project_box\">\r\n                                        <div class=\"candidate_box_title\">Kontakt<\/div>\r\n                                                                                <img decoding=\"async\" src=\"https:\/\/bk.uksw.edu.pl\/wp-content\/themes\/uksw\/images\/arrow_more1.svg\" alt=\"\">  \r\n                                    <\/div>\r\n                                <\/a>\r\n                            <\/div>\r\n                      \r\n                        \r\n                            <\/div>\r\n<\/div>\r\n\r\n<\/div>","protected":false},"excerpt":{"rendered":"<p>Od 1 pa\u017adziernika 2019 r. Biuro Karier realizuje projekt pt.&nbsp;\u201eWiem, potrafi\u0119, dzia\u0142am. Profesjonalizacja us\u0142ug Centrum Szkole\u0144 i Doradztwa Zawodowego UKSW\u201d (POWR.03.01.00-00-B056\/17). W jego ramach studentom oferowana jest mo\u017cliwo\u015b\u0107 bezp\u0142atnego udzia\u0142u w konsultacjach z obszaru doradztwa zawodowego, obejmuj\u0105cych m. in. badanie kompetencji oraz r\u00f3l zespo\u0142owych, a tak\u017ce udzia\u0142 w bezp\u0142atnych szkoleniach podnosz\u0105cych ich kompetencje przedsi\u0119biorcze i [&hellip;]<\/p>\n","protected":false},"author":7,"featured_media":7090,"parent":0,"menu_order":0,"comment_status":"closed","ping_status":"closed","template":"page-templates\/template-sub-page.php","meta":{"_acf_changed":false,"inline_featured_image":false,"footnotes":"","_links_to":"","_links_to_target":""},"class_list":["post-3362","page","type-page","status-publish","has-post-thumbnail","hentry"],"acf":[],"_links":{"self":[{"href":"https:\/\/bk.uksw.edu.pl\/pl\/wp-json\/wp\/v2\/pages\/3362","targetHints":{"allow":["GET"]}}],"collection":[{"href":"https:\/\/bk.uksw.edu.pl\/pl\/wp-json\/wp\/v2\/pages"}],"about":[{"href":"https:\/\/bk.uksw.edu.pl\/pl\/wp-json\/wp\/v2\/types\/page"}],"author":[{"embeddable":true,"href":"https:\/\/bk.uksw.edu.pl\/pl\/wp-json\/wp\/v2\/users\/7"}],"replies":[{"embeddable":true,"href":"https:\/\/bk.uksw.edu.pl\/pl\/wp-json\/wp\/v2\/comments?post=3362"}],"version-history":[{"count":14,"href":"https:\/\/bk.uksw.edu.pl\/pl\/wp-json\/wp\/v2\/pages\/3362\/revisions"}],"predecessor-version":[{"id":7092,"href":"https:\/\/bk.uksw.edu.pl\/pl\/wp-json\/wp\/v2\/pages\/3362\/revisions\/7092"}],"wp:featuredmedia":[{"embeddable":true,"href":"https:\/\/bk.uksw.edu.pl\/pl\/wp-json\/wp\/v2\/media\/7090"}],"wp:attachment":[{"href":"https:\/\/bk.uksw.edu.pl\/pl\/wp-json\/wp\/v2\/media?parent=3362"}],"curies":[{"name":"wp","href":"https:\/\/api.w.org\/{rel}","templated":true}]}}