{"id":3361,"date":"2022-08-03T11:35:18","date_gmt":"2022-08-03T09:35:18","guid":{"rendered":"https:\/\/jednostki.uksw.edu.pl\/?page_id=2775"},"modified":"2025-08-19T12:58:57","modified_gmt":"2025-08-19T10:58:57","slug":"konsultacje-doradcze","status":"publish","type":"page","link":"https:\/\/bk.uksw.edu.pl\/konsultacje-doradcze\/","title":{"rendered":"Konsultacje doradcze"},"content":{"rendered":"\n<p>Udzia\u0142 w konsultacjach w doradc\u0105 zawodowym pomo\u017ce w podj\u0119ciu wa\u017cnych decyzji zawodowych, np. wyborze miejsca praktyk czy pracy. W czasie spotkania pomo\u017cemy okre\u015bli\u0107 Twoje zainteresowania zawodowe, mocne i s\u0142abe strony. U\u0142atwimy takie zaplanowanie okresu studi\u00f3w, aby optymalnie wykorzysta\u0107 ten czas dla rozwoju osobistego i zawodowego.<\/p>\n\n\n\n<p>Razem z nami mo\u017cesz tak\u017ce przygotowa\u0107 CV i list motywacyjny oraz prze\u0107wiczy\u0107 udzia\u0142 w rozmowie kwalifikacyjnej.<\/p>\n\n\n\n<p>Aby wzi\u0105\u0107 udzia\u0142 w konsultacjach, wype\u0142nij <strong>formularz zg\u0142oszeniowy<\/strong>.<\/p>\n\n\n\n<p><strong>Konsultacje doradcze przeznaczone s\u0105 dla student\u00f3w i absolwent\u00f3w UKSW oraz maturzyst\u00f3w.<\/strong><\/p>\n\n\n\n<p>Konsultacje odbywaj\u0105 si\u0119 osobi\u015bcie w siedzibie Biura Karier (kampus W\u00f3ycickiego) lub online.<\/p>\n\n\n\n<h2 class=\"wp-block-heading\">Formularz zg\u0142oszeniowy na konsultacje z doradc\u0105 zawodowym<\/h2>\n\n\n\n<p>Pola oznaczone symbolem gwiazdki * wymagaj\u0105 uzupe\u0142nienia.<\/p>\n\n\n\r\n<div class=\"\">\r\n\r\n\r\n<div class=\"contact_grey\">\r\n\r\n\n<div class=\"wpcf7 no-js\" id=\"wpcf7-f6589-o1\" lang=\"pl-PL\" dir=\"ltr\" data-wpcf7-id=\"6589\">\n<div class=\"screen-reader-response\"><p role=\"status\" aria-live=\"polite\" aria-atomic=\"true\"><\/p> <ul><\/ul><\/div>\n<form action=\"\/pl\/wp-json\/wp\/v2\/pages\/3361#wpcf7-f6589-o1\" method=\"post\" class=\"wpcf7-form init\" aria-label=\"Formularz kontaktowy\" enctype=\"multipart\/form-data\" novalidate=\"novalidate\" data-status=\"init\">\n<div style=\"display: none;\">\n<input type=\"hidden\" name=\"_wpcf7\" value=\"6589\" \/>\n<input type=\"hidden\" name=\"_wpcf7_version\" value=\"6.0.6\" \/>\n<input type=\"hidden\" name=\"_wpcf7_locale\" value=\"pl_PL\" \/>\n<input type=\"hidden\" name=\"_wpcf7_unit_tag\" value=\"wpcf7-f6589-o1\" \/>\n<input type=\"hidden\" name=\"_wpcf7_container_post\" value=\"0\" \/>\n<input type=\"hidden\" name=\"_wpcf7_posted_data_hash\" value=\"\" \/>\n<\/div>\n<div class=\"row\">\n  <div class=\"col-xxl-6 col-xl-6 col-lg-6 col-md-12 col-sm-12\">\n    <div class=\"mb-4\">\n      <label for=\"student\" class=\"sr-only\">Wpisz swoje imi\u0119<\/label>\n      <span class=\"wpcf7-form-control-wrap\" data-name=\"student\"><input size=\"40\" maxlength=\"400\" class=\"wpcf7-form-control wpcf7-text wpcf7-validates-as-required form-control\" id=\"student\" aria-required=\"true\" aria-invalid=\"false\" placeholder=\"Imi\u0119 *\" value=\"\" type=\"text\" name=\"student\" \/><\/span>\n    <\/div>\n  <\/div>\n\n  <div class=\"col-xxl-6 col-xl-6 col-lg-6 col-md-12 col-sm-12\">\n    <div class=\"mb-4\">\n      <label for=\"sec-name\" class=\"sr-only\">Wpisz swoje nazwisko<\/label>\n      <span class=\"wpcf7-form-control-wrap\" data-name=\"sec-name\"><input size=\"40\" maxlength=\"400\" class=\"wpcf7-form-control wpcf7-text wpcf7-validates-as-required form-control\" id=\"sec-name\" aria-required=\"true\" aria-invalid=\"false\" placeholder=\"Nazwisko *\" value=\"\" type=\"text\" name=\"sec-name\" \/><\/span>\n    <\/div>\n  <\/div>\n\n  <div class=\"col-xxl-6 col-xl-6 col-lg-6 col-md-12 col-sm-12\">\n    <div class=\"mb-4\">\n      <label for=\"email\" class=\"sr-only\">Wpisz adres mailowy *<\/label>\n      <span class=\"wpcf7-form-control-wrap\" data-name=\"your-email\"><input size=\"40\" maxlength=\"400\" class=\"wpcf7-form-control wpcf7-email wpcf7-validates-as-required wpcf7-text wpcf7-validates-as-email form-control\" id=\"email\" aria-required=\"true\" aria-invalid=\"false\" placeholder=\"Adres e-mail *\" value=\"\" type=\"email\" name=\"your-email\" \/><\/span>\n    <\/div>\n  <\/div>\n\n  <div class=\"col-xxl-6 col-xl-6 col-lg-6 col-md-12 col-sm-12\">\n    <div class=\"mb-4\">\n      <label for=\"phone\" class=\"sr-only\">Podaj kontakt telefoniczny<\/label>\n      <span class=\"wpcf7-form-control-wrap\" data-name=\"phone\"><input size=\"40\" maxlength=\"400\" class=\"wpcf7-form-control wpcf7-text wpcf7-validates-as-required form-control\" id=\"phone\" aria-required=\"true\" aria-invalid=\"false\" placeholder=\"Numer telefonu *\" value=\"\" type=\"text\" name=\"phone\" \/><\/span>\n    <\/div>\n  <\/div>\n<\/div>\n\n<div class=\"row\">\n  <div class=\"col-xxl-6 col-xl-6 col-lg-6 col-md-12 col-sm-12\">\n    <div class=\"mb-4\">\n      <label for=\"status\">Status: *<\/label>\n      <span class=\"wpcf7-form-control-wrap\" data-name=\"status\"><select class=\"wpcf7-form-control wpcf7-select wpcf7-validates-as-required form-control form-select white_select1\" id=\"status\" aria-required=\"true\" aria-invalid=\"false\" name=\"status\"><option value=\"\">Wybierz z listy rozwijanej<\/option><option value=\"Student\">Student<\/option><option value=\"Absolwent\">Absolwent<\/option><option value=\"Ucze\u0144 szko\u0142y ponadpodstawowej\">Ucze\u0144 szko\u0142y ponadpodstawowej<\/option><\/select><\/span>\n    <\/div>\n  <\/div>\n<\/div>\n\n<div class=\"row\">\n  <div class=\"col-xxl-6 col-xl-6 col-lg-6 col-md-12 col-sm-12\">\n    <div class=\"mb-4\">\n      <label for=\"studies\" class=\"sr-only\">Wpisz sw\u00f3j kierunek studi\u00f3w<\/label>\n      <span class=\"wpcf7-form-control-wrap\" data-name=\"studies\"><input size=\"40\" maxlength=\"400\" class=\"wpcf7-form-control wpcf7-text form-control\" id=\"studies\" aria-invalid=\"false\" placeholder=\"Kierunek studi\u00f3w (studenci, absolwenci)\" value=\"\" type=\"text\" name=\"studies\" \/><\/span>\n    <\/div>\n  <\/div>\n\n  <div class=\"col-xxl-6 col-xl-6 col-lg-6 col-md-12 col-sm-12\">\n    <div class=\"mb-4\">\n      <label for=\"album-nr\" class=\"sr-only\">Wpisz sw\u00f3j numer albumu<\/label>\n      <span class=\"wpcf7-form-control-wrap\" data-name=\"album-nr\"><input size=\"40\" maxlength=\"400\" class=\"wpcf7-form-control wpcf7-text form-control\" id=\"album-nr\" aria-invalid=\"false\" placeholder=\"Numer albumu (studenci, absolwenci)\" value=\"\" type=\"text\" name=\"album-nr\" \/><\/span>\n    <\/div>\n  <\/div>\n<\/div>\n\n<div class=\"row\">\n  <div class=\"col-xxl-6 col-xl-6 col-lg-6 col-md-12 col-sm-12\">\n    <div class=\"mb-4\">\n      <label for=\"studies-date\">Rok studi\u00f3w (studenci, absolwenci):<\/label>\n      <span class=\"wpcf7-form-control-wrap\" data-name=\"studies-date\"><select class=\"wpcf7-form-control wpcf7-select form-select white_select1\" id=\"studies-date\" aria-invalid=\"false\" name=\"studies-date\"><option value=\"\">Wybierz z listy rozwijanej<\/option><option value=\"1\">1<\/option><option value=\"2\">2<\/option><option value=\"3\">3<\/option><option value=\"4\">4<\/option><option value=\"5\">5<\/option><option value=\"Nie dotyczy\">Nie dotyczy<\/option><\/select><\/span>\n    <\/div>\n  <\/div>\n<\/div>\n\n<div class=\"row\">\n  <div class=\"col-xxl-6 col-xl-6 col-lg-6 col-md-12 col-sm-12\">\n    <div class=\"mb-4\">\n      <label for=\"st-lvl\">Stopie\u0144 studi\u00f3w (studenci, absolwenci):<\/label>\n      <span class=\"wpcf7-form-control-wrap\" data-name=\"st-lvl\"><select class=\"wpcf7-form-control wpcf7-select form-control form-select white_select1\" id=\"st-lvl\" aria-invalid=\"false\" name=\"st-lvl\"><option value=\"\">Wybierz z listy rozwijanej<\/option><option value=\"pierwszego stopnia\">pierwszego stopnia<\/option><option value=\"drugiego stopnia\">drugiego stopnia<\/option><option value=\"jednolite magisterskie\">jednolite magisterskie<\/option><\/select><\/span>\n    <\/div>\n  <\/div>\n<\/div>\n\n<div class=\"row\">\n  <div class=\"col-xxl-6 col-xl-6 col-lg-6 col-md-12 col-sm-12\">\n    <div class=\"mb-4\">\n      <label for=\"end-st\">Data uko\u0144czenia studi\u00f3w (absolwenci):<\/label>\n      <span class=\"wpcf7-form-control-wrap\" data-name=\"end-st\"><input class=\"wpcf7-form-control wpcf7-date wpcf7-validates-as-date form-control\" id=\"end-st\" aria-invalid=\"false\" value=\"\" type=\"date\" name=\"end-st\" \/><\/span>\n    <\/div>\n  <\/div>\n<\/div>\n\n<div class=\"row\">\n  <div class=\"col-xxl-6 col-xl-6 col-lg-6 col-md-12 col-sm-12\">\n    <div class=\"mb-4\">\n      <label for=\"school\" class=\"sr-only\">Wprowad\u017a informacje o szkole ponadpodstawowej<\/label>\n      <span class=\"wpcf7-form-control-wrap\" data-name=\"school\"><textarea cols=\"1\" rows=\"6\" maxlength=\"2000\" class=\"wpcf7-form-control wpcf7-textarea form-control\" id=\"school\" aria-invalid=\"false\" placeholder=\"Nazwa i adres szko\u0142y ponadpodstawowej (uczniowie szko\u0142y ponadpodstawowej)\" name=\"school\"><\/textarea><\/span>\n    <\/div>\n  <\/div>\n<\/div>\n\n<div class=\"row\">\n  <div class=\"col-xxl-6 col-xl-6 col-lg-6 col-md-12 col-sm-12\">\n    <div class=\"mb-4 form-check\">\n      <fieldset>\n        <legend class=\"sr-only\">Wybierz jedn\u0105 z opcji<\/legend>\n        <label>Czy aktualnie pracujesz?: *<\/label>\n        <span class=\"wpcf7-form-control-wrap\" data-name=\"job-stat-cb\"><span class=\"wpcf7-form-control wpcf7-checkbox wpcf7-validates-as-required wpcf7-exclusive-checkbox\"><span class=\"wpcf7-list-item first\"><label><input type=\"checkbox\" name=\"job-stat-cb\" value=\"Tak\" \/><span class=\"wpcf7-list-item-label\">Tak<\/span><\/label><\/span><span class=\"wpcf7-list-item last\"><label><input type=\"checkbox\" name=\"job-stat-cb\" value=\"Nie\" \/><span class=\"wpcf7-list-item-label\">Nie<\/span><\/label><\/span><\/span><\/span>\n      <\/fieldset>\n    <\/div>\n  <\/div>\n<\/div>\n\n<div class=\"row\">\n  <div class=\"col-xxl-6 col-xl-6 col-lg-6 col-md-12 col-sm-12\">\n    <div class=\"mb-4\">\n      <label for=\"meeting-info\" class=\"sr-only\">Cel spotkania z doaradc\u0105 zawodowym<\/label>\n      <span class=\"wpcf7-form-control-wrap\" data-name=\"meeting-info\"><textarea cols=\"1\" rows=\"3\" maxlength=\"2000\" class=\"wpcf7-form-control wpcf7-textarea form-control\" id=\"meeting-info\" aria-invalid=\"false\" placeholder=\"Jaki jest Tw\u00f3j g\u0142\u00f3wny cel spotkania z doradc\u0105? *\" name=\"meeting-info\"><\/textarea><\/span>\n    <\/div>\n  <\/div>\n<\/div>\n\n<div class=\"row\">\n  <div class=\"col-xxl-6 col-xl-6 col-lg-6 col-md-12 col-sm-12\">\n    <div class=\"mb-4\">\n      <label for=\"file-cv\">Za\u0142\u0105cz CV:<\/label>\n      <span class=\"wpcf7-form-control-wrap\" data-name=\"file-cv\"><input size=\"40\" class=\"wpcf7-form-control wpcf7-file\" id=\"file-cv\" accept=\".pdf,.doc,.docx,.odt\" aria-invalid=\"false\" type=\"file\" name=\"file-cv\" \/><\/span>\n    <\/div>\n  <\/div>\n<\/div>\n\n<div class=\"mb-4\">\n  <div class=\"form-check\">\n    <span class=\"wpcf7-form-control-wrap\" data-name=\"rodo-cb\"><span class=\"wpcf7-form-control wpcf7-checkbox wpcf7-validates-as-required\" id=\"rodo-cb\"><span class=\"wpcf7-list-item first last\"><label><input type=\"checkbox\" name=\"rodo-cb[]\" value=\"* Wyra\u017cam zgod\u0119 na przetwarzanie moich danych osobowych przez Uniwersytet Kardyna\u0142a Stefana Wyszy\u0144skiego w Warszawie w zakresie celu tego formularza.\" \/><span class=\"wpcf7-list-item-label\">* Wyra\u017cam zgod\u0119 na przetwarzanie moich danych osobowych przez Uniwersytet Kardyna\u0142a Stefana Wyszy\u0144skiego w Warszawie w zakresie celu tego formularza.<\/span><\/label><\/span><\/span><\/span>\n  <\/div>\n<\/div>\n\n<div>\n  <button class=\"but_send\" title=\"Kliknij, aby przes\u0142a\u0107 formularz\" type=\"submit\">Wy\u015blij<\/button>\n<\/div><div class=\"wpcf7-response-output\" aria-hidden=\"true\"><\/div>\n<\/form>\n<\/div>\n\r\n<\/div>\r\n\r\n\r\n<\/div>\n\n\n<h3 class=\"wp-block-heading\">Klauzula informacyjna RODO<\/h3>\n\n\n\n<p>Zgodnie z art. 13 rozporz\u0105dzenia Parlamentu Europejskiego i Rady (UE) 2016\/679 z 27.04.2016 r. w sprawie ochrony os\u00f3b fizycznych w zwi\u0105zku z przetwarzaniem danych osobowych i w sprawie swobodnego przep\u0142ywu takich danych oraz uchylenia dyrektywy 95\/46\/WE (Dz.U. UE L 119\/1 z 4.05.2016 r.), dalej RODO, informuje si\u0119, i\u017c:<\/p>\n\n\n\n<ol class=\"wp-block-list\">\n<li>Administratorem Pani\/Pana danych osobowych jest Uniwersytet Kardyna\u0142a Stefana Wyszy\u0144skiego z siedzib\u0105 w Warszawie, ul. Dewajtis 5, 01-815 Warszawa (ADO).<\/li>\n\n\n\n<li>ADO wyznaczy\u0142 Inspektora Danych Osobowych (IOD), e-mail:&nbsp;<a href=\"mailto:iod@uksw.edu.pl\"><strong>iod@uksw.edu.pl<\/strong><\/a><\/li>\n\n\n\n<li>Pani\/Pana dane osobowe b\u0119d\u0105 przetwarzane na podstawie art. 6 ust. 1 lit. a og\u00f3lnego rozporz\u0105dzenia o ochronie danych osobowych.<\/li>\n\n\n\n<li>Dost\u0119p do Pani\/Pana danych osobowych wewn\u0105trz struktury organizacyjnej Uniwersytetu b\u0119d\u0105 mie\u0107 wy\u0142\u0105cznie upowa\u017cnieni przez Administratora pracownicy w niezb\u0119dnym zakresie.<\/li>\n\n\n\n<li>Pani\/Pana dane osobowe nie b\u0119d\u0105 ujawniane innym podmiotom, za wyj\u0105tkiem podmiot\u00f3w upowa\u017cnionych na podstawie przepis\u00f3w prawa.<\/li>\n\n\n\n<li>Pani\/Pana dane osobowe przechowywane b\u0119d\u0105 do czasu wycofania zgody.<\/li>\n\n\n\n<li>Posiada Pani\/Pan prawo dost\u0119pu do tre\u015bci swoich danych oraz ich sprostowania, usuni\u0119cia, ograniczenia przetwarzania, prawo do przenoszenia danych, prawo do wniesienia sprzeciwu, prawo do cofni\u0119cia zgody w dowolnym momencie.<\/li>\n\n\n\n<li>Wycofanie zgody na przetwarzanie danych osobowych mo\u017cna przes\u0142a\u0107 e-mailem na adres: konsultacje@uksw.edu.pl.<\/li>\n\n\n\n<li>Posiada Pani\/Pan prawo wniesienia skargi do Prezesa Urz\u0119du Ochrony Danych Osobowych, gdy uzasadnione jest, \u017ce Pani\/Pana dane osobowe przetwarzane s\u0105 przez administratora niezgodnie z RODO.<\/li>\n\n\n\n<li>Podanie danych osobowych jest obowi\u0105zkowe w zakresie okre\u015blonym w art. 352 ust. 14-16 ustawy z dnia 20 lipca 2018 r. Prawo o szkolnictwie wy\u017cszym i nauce.<\/li>\n<\/ol>\n","protected":false},"excerpt":{"rendered":"<p>Udzia\u0142 w konsultacjach w doradc\u0105 zawodowym pomo\u017ce w podj\u0119ciu wa\u017cnych decyzji zawodowych, np. wyborze miejsca praktyk czy pracy. W czasie spotkania pomo\u017cemy okre\u015bli\u0107 Twoje zainteresowania zawodowe, mocne i s\u0142abe strony. U\u0142atwimy takie zaplanowanie okresu studi\u00f3w, aby optymalnie wykorzysta\u0107 ten czas dla rozwoju osobistego i zawodowego. Razem z nami mo\u017cesz tak\u017ce przygotowa\u0107 CV i list motywacyjny [&hellip;]<\/p>\n","protected":false},"author":7,"featured_media":5007,"parent":0,"menu_order":0,"comment_status":"closed","ping_status":"closed","template":"page-templates\/template-sub-page.php","meta":{"_acf_changed":false,"inline_featured_image":false,"footnotes":"","_links_to":"","_links_to_target":""},"class_list":["post-3361","page","type-page","status-publish","has-post-thumbnail","hentry"],"acf":[],"_links":{"self":[{"href":"https:\/\/bk.uksw.edu.pl\/pl\/wp-json\/wp\/v2\/pages\/3361","targetHints":{"allow":["GET"]}}],"collection":[{"href":"https:\/\/bk.uksw.edu.pl\/pl\/wp-json\/wp\/v2\/pages"}],"about":[{"href":"https:\/\/bk.uksw.edu.pl\/pl\/wp-json\/wp\/v2\/types\/page"}],"author":[{"embeddable":true,"href":"https:\/\/bk.uksw.edu.pl\/pl\/wp-json\/wp\/v2\/users\/7"}],"replies":[{"embeddable":true,"href":"https:\/\/bk.uksw.edu.pl\/pl\/wp-json\/wp\/v2\/comments?post=3361"}],"version-history":[{"count":25,"href":"https:\/\/bk.uksw.edu.pl\/pl\/wp-json\/wp\/v2\/pages\/3361\/revisions"}],"predecessor-version":[{"id":10803,"href":"https:\/\/bk.uksw.edu.pl\/pl\/wp-json\/wp\/v2\/pages\/3361\/revisions\/10803"}],"wp:featuredmedia":[{"embeddable":true,"href":"https:\/\/bk.uksw.edu.pl\/pl\/wp-json\/wp\/v2\/media\/5007"}],"wp:attachment":[{"href":"https:\/\/bk.uksw.edu.pl\/pl\/wp-json\/wp\/v2\/media?parent=3361"}],"curies":[{"name":"wp","href":"https:\/\/api.w.org\/{rel}","templated":true}]}}