{"id":11418,"date":"2026-02-09T14:07:50","date_gmt":"2026-02-09T13:07:50","guid":{"rendered":"https:\/\/bk.uksw.edu.pl\/?page_id=11418"},"modified":"2026-02-09T14:16:51","modified_gmt":"2026-02-09T13:16:51","slug":"baza-wiedzy","status":"publish","type":"page","link":"https:\/\/bk.uksw.edu.pl\/baza-wiedzy\/","title":{"rendered":"Baza wiedzy"},"content":{"rendered":"   <div class=\"\">\n\n\n<div class=\"news_page\">\n                <div class=\"container\"> \n                        <div class=\"row\">\n                                <div class=\"col-xl-10 col-lg-10 col-md-9 col-sm-12\">\n                                        <div class=\"heading_bg\">\n                                        <div class=\"headingh2\">Baza Wiedzy<\/div>\n                                        <\/div>\n                                <\/div>\n                                <div class=\"col-xl-2 col-lg-2 col-md-3 col-sm-12\">\n                                                                    <\/div>\n                        <\/div>\n\n                        <div class=\"row\">\n                                                 \n\n                                    \n\n                       <div class=\"col-xxl-4 col-xl-6 col-lg-6 col-md-12 col-sm-12 project\">\n                          <a href=\"https:\/\/bk.uksw.edu.pl\/?post_type=post&#038;p=11583\">\n                                <div class=\"image_container project_box\">\n                                    <img decoding=\"async\" src=\"https:\/\/bk.uksw.edu.pl\/wp-content\/uploads\/sites\/17\/2026\/03\/pobrane-6-507x388.jpg\" class=\"image_inner\" alt=\"\">\n                                        <div class=\"overlay\">\n                                            <div class=\"text\">\n                                                <div class=\"text1\">Mowa cia\u0142a studenta \u2013 jak postawa wp\u0142ywa na wyniki&#8230;<\/div>\n                                                <div class=\"text2\">Podczas egzaminu ustnego lub spotkania rekrutacyjnego sama znajomo\u015b\u0107 tematu&#8230;<\/div>\n                                            <\/div>\n                                        <\/div>\n                                <\/div>\n                                <\/a>\n                          <\/div>\n\n                                       \n\n                                        \n\n                       <div class=\"col-xxl-4 col-xl-6 col-lg-6 col-md-12 col-sm-12 project\">\n                          <a href=\"https:\/\/bk.uksw.edu.pl\/?post_type=post&#038;p=11569\">\n                                <div class=\"image_container project_box\">\n                                    <img decoding=\"async\" src=\"https:\/\/bk.uksw.edu.pl\/wp-content\/uploads\/sites\/17\/2026\/03\/Sztuka-skutecznego-planowania_kwadrat-507x388.jpg\" class=\"image_inner\" alt=\"\">\n                                        <div class=\"overlay\">\n                                            <div class=\"text\">\n                                                <div class=\"text1\">Mistrzostwo w organizacji czasu. W jaki spos\u00f3b trafnie&#8230;<\/div>\n                                                <div class=\"text2\">Okres studiowania bywa postrzegany jako czas swobody oraz zbierania nowych do\u015bwiadcze\u0144&#8230;.<\/div>\n                                            <\/div>\n                                        <\/div>\n                                <\/div>\n                                <\/a>\n                          <\/div>\n\n                                       \n\n                                        \n\n                       <div class=\"col-xxl-4 col-xl-6 col-lg-6 col-md-12 col-sm-12 project\">\n                          <a href=\"https:\/\/bk.uksw.edu.pl\/?post_type=post&#038;p=11522\">\n                                <div class=\"image_container project_box\">\n                                    <img decoding=\"async\" src=\"https:\/\/bk.uksw.edu.pl\/wp-content\/uploads\/sites\/17\/2026\/03\/pobrane-2-507x388.jpg\" class=\"image_inner\" alt=\"\">\n                                        <div class=\"overlay\">\n                                            <div class=\"text\">\n                                                <div class=\"text1\">Rozw\u00f3j bez ogranicze\u0144 \u2013 jak finansowa\u0107 studenckie&#8230;<\/div>\n                                                <div class=\"text2\">Wyst\u0105pienie na mi\u0119dzynarodowej konferencji, wyjazd poza granice kraju, realizacja&#8230;<\/div>\n                                            <\/div>\n                                        <\/div>\n                                <\/div>\n                                <\/a>\n                          <\/div>\n\n                                       \n\n                                        \n\n                       <div class=\"col-xxl-4 col-xl-6 col-lg-6 col-md-12 col-sm-12 project\">\n                          <a href=\"https:\/\/bk.uksw.edu.pl\/?post_type=post&#038;p=11450\">\n                                <div class=\"image_container project_box\">\n                                    <img decoding=\"async\" src=\"https:\/\/bk.uksw.edu.pl\/wp-content\/uploads\/sites\/17\/2026\/02\/gen-z-507x388.jpg\" class=\"image_inner\" alt=\"\">\n                                        <div class=\"overlay\">\n                                            <div class=\"text\">\n                                                <div class=\"text1\">Projekty tworzone z pasji a pierwsze kroki w zawodzie&#8230;<\/div>\n                                                <div class=\"text2\">Wielu student\u00f3w zaczyna traktowa\u0107 okres studi\u00f3w jako co\u015b wi\u0119cej ni\u017c sam cykl&#8230;<\/div>\n                                            <\/div>\n                                        <\/div>\n                                <\/div>\n                                <\/a>\n                          <\/div>\n\n                                       \n\n                                        \n\n                       <div class=\"col-xxl-4 col-xl-6 col-lg-6 col-md-12 col-sm-12 project\">\n                          <a href=\"https:\/\/bk.uksw.edu.pl\/?post_type=post&#038;p=11430\">\n                                <div class=\"image_container project_box\">\n                                    <img decoding=\"async\" src=\"https:\/\/bk.uksw.edu.pl\/wp-content\/uploads\/sites\/17\/2026\/02\/pobrane.12.02.2026-507x388.jpg\" class=\"image_inner\" alt=\"\">\n                                        <div class=\"overlay\">\n                                            <div class=\"text\">\n                                                <div class=\"text1\">Czy pozytywne nastawienie w pracy jest wa\u017cne?<\/div>\n                                                <div class=\"text2\">Pozytywne nastawienie to spos\u00f3b postrzegania i reagowania na r\u00f3\u017cne sytuacje&#8230;<\/div>\n                                            <\/div>\n                                        <\/div>\n                                <\/div>\n                                <\/a>\n                          <\/div>\n\n                                       \n\n                                        \n\n                       <div class=\"col-xxl-4 col-xl-6 col-lg-6 col-md-12 col-sm-12 project\">\n                          <a href=\"https:\/\/bk.uksw.edu.pl\/?post_type=post&#038;p=11409\">\n                                <div class=\"image_container project_box\">\n                                    <img decoding=\"async\" src=\"https:\/\/bk.uksw.edu.pl\/wp-content\/uploads\/sites\/17\/2026\/02\/networking-507x388.jpg\" class=\"image_inner\" alt=\"\">\n                                        <div class=\"overlay\">\n                                            <div class=\"text\">\n                                                <div class=\"text1\">Kontakty ze studi\u00f3w \u2013 realne wsparcie w budowaniu&#8230;<\/div>\n                                                <div class=\"text2\">W trakcie stara\u0144 o pierwsz\u0105 prac\u0119 wielu m\u0142odych ludzi koncentruje si\u0119 na aspektach&#8230;<\/div>\n                                            <\/div>\n                                        <\/div>\n                                <\/div>\n                                <\/a>\n                          <\/div>\n\n                                       \n\n                                        \n\n                       <div class=\"col-xxl-4 col-xl-6 col-lg-6 col-md-12 col-sm-12 project\">\n                          <a href=\"https:\/\/bk.uksw.edu.pl\/?post_type=post&#038;p=11391\">\n                                <div class=\"image_container project_box\">\n                                    <img decoding=\"async\" src=\"https:\/\/bk.uksw.edu.pl\/wp-content\/uploads\/sites\/17\/2026\/01\/pobrane-3-507x388.jpg\" class=\"image_inner\" alt=\"\">\n                                        <div class=\"overlay\">\n                                            <div class=\"text\">\n                                                <div class=\"text1\">Wypadek przy pracy- jak post\u0119powa\u0107?<\/div>\n                                                <div class=\"text2\">Zgodnie z najnowszymi danymi GUS w warunkach zagro\u017cenia pracuje w Polsce oko\u0142o&#8230;<\/div>\n                                            <\/div>\n                                        <\/div>\n                                <\/div>\n                                <\/a>\n                          <\/div>\n\n                                       \n\n                                        \n\n                       <div class=\"col-xxl-4 col-xl-6 col-lg-6 col-md-12 col-sm-12 project\">\n                          <a href=\"https:\/\/bk.uksw.edu.pl\/?post_type=post&#038;p=11395\">\n                                <div class=\"image_container project_box\">\n                                    <img decoding=\"async\" src=\"https:\/\/bk.uksw.edu.pl\/wp-content\/uploads\/sites\/17\/2026\/02\/inicjatywy-dla-przedsiebiorczych-507x388.jpg\" class=\"image_inner\" alt=\"\">\n                                        <div class=\"overlay\">\n                                            <div class=\"text\">\n                                                <div class=\"text1\">Inicjatywy dla przedsi\u0119biorczych<\/div>\n                                                <div class=\"text2\">Chcesz \u015bwiadomie kszta\u0142towa\u0107 swoj\u0105 \u015bcie\u017ck\u0119 zawodow\u0105? Korzysta\u0107 z szerokiej oferty&#8230;<\/div>\n                                            <\/div>\n                                        <\/div>\n                                <\/div>\n                                <\/a>\n                          <\/div>\n\n                                       \n\n                                        \n\n                       <div class=\"col-xxl-4 col-xl-6 col-lg-6 col-md-12 col-sm-12 project\">\n                          <a href=\"https:\/\/bk.uksw.edu.pl\/?post_type=post&#038;p=11377\">\n                                <div class=\"image_container project_box\">\n                                    <img decoding=\"async\" src=\"https:\/\/bk.uksw.edu.pl\/wp-content\/uploads\/sites\/17\/2026\/01\/pobrane-2-507x388.jpg\" class=\"image_inner\" alt=\"\">\n                                        <div class=\"overlay\">\n                                            <div class=\"text\">\n                                                <div class=\"text1\">Jakie cechy zwi\u0119kszaj\u0105 warto\u015b\u0107 programisty&#8230;<\/div>\n                                                <div class=\"text2\">Dane G\u0142\u00f3wnego Urz\u0119du Statystycznego za rok 2025 jasno obrazuj\u0105 trend, jaki dominuje&#8230;<\/div>\n                                            <\/div>\n                                        <\/div>\n                                <\/div>\n                                <\/a>\n                          <\/div>\n\n                                       \n\n                                        \n                                        <div class=\"col-xl-12\">\n                                                                                  <div class=\"pages\"><nav aria-label=\"Nawigacja stron\">\r\n\t\t\t\r\n\t\t\t<ul class=\"pagination \"><li class=\"page-item\"><a class=\"page-link\" href=\"#\" aria-label=\"Poprzednia strona \">\r\n       <span aria-hidden=\"true\"><img decoding=\"async\" src=\"https:\/\/bk.uksw.edu.pl\/wp-content\/themes\/uksw\/images\/grey_page_arrow.svg\" alt=\"\"> <\/span><\/a><\/li><li class=\"page-item\"><span aria-current=\"page\" class=\"page-link  current\">1<\/span><\/li><li class=\"page-item\"><a class=\"page-link\" aria-label=\"2. strona \" href=\"https:\/\/bk.uksw.edu.pl\/pl\/wp-json\/wp\/v2\/pages\/11418\/page\/2\/\">2<\/a><\/li><li class=\"page-item\"><span class=\"page-link dots\">&hellip;<\/span><\/li><li class=\"page-item\"><a class=\"page-link\" aria-label=\"4. strona \" href=\"https:\/\/bk.uksw.edu.pl\/pl\/wp-json\/wp\/v2\/pages\/11418\/page\/4\/\">4<\/a><\/li><li class=\"page-item\"><a class=\"page-link next but_next\" aria-label=\"Nast\u0119pna strona \" href=\"https:\/\/bk.uksw.edu.pl\/pl\/wp-json\/wp\/v2\/pages\/11418\/page\/2\/\"><img decoding=\"async\" src=\"https:\/\/bk.uksw.edu.pl\/wp-content\/themes\/uksw\/images\/blue_page_arrow.svg\" alt=\"Nast\u0119pna\"><\/a><\/li><\/ul>\r\n\r\n\t\t<\/nav><\/div>                                          <\/div>\n                            \n                        <\/div>\n\n\n                <\/div>\n        <\/div>\n\n\n<\/div>\n","protected":false},"excerpt":{"rendered":"","protected":false},"author":3,"featured_media":0,"parent":0,"menu_order":0,"comment_status":"closed","ping_status":"closed","template":"page-templates\/template-sub-page.php","meta":{"_acf_changed":false,"inline_featured_image":false,"footnotes":"","_links_to":"","_links_to_target":""},"class_list":["post-11418","page","type-page","status-publish","hentry"],"acf":[],"_links":{"self":[{"href":"https:\/\/bk.uksw.edu.pl\/pl\/wp-json\/wp\/v2\/pages\/11418","targetHints":{"allow":["GET"]}}],"collection":[{"href":"https:\/\/bk.uksw.edu.pl\/pl\/wp-json\/wp\/v2\/pages"}],"about":[{"href":"https:\/\/bk.uksw.edu.pl\/pl\/wp-json\/wp\/v2\/types\/page"}],"author":[{"embeddable":true,"href":"https:\/\/bk.uksw.edu.pl\/pl\/wp-json\/wp\/v2\/users\/3"}],"replies":[{"embeddable":true,"href":"https:\/\/bk.uksw.edu.pl\/pl\/wp-json\/wp\/v2\/comments?post=11418"}],"version-history":[{"count":6,"href":"https:\/\/bk.uksw.edu.pl\/pl\/wp-json\/wp\/v2\/pages\/11418\/revisions"}],"predecessor-version":[{"id":11425,"href":"https:\/\/bk.uksw.edu.pl\/pl\/wp-json\/wp\/v2\/pages\/11418\/revisions\/11425"}],"wp:attachment":[{"href":"https:\/\/bk.uksw.edu.pl\/pl\/wp-json\/wp\/v2\/media?parent=11418"}],"curies":[{"name":"wp","href":"https:\/\/api.w.org\/{rel}","templated":true}]}}